{"id":70,"date":"2014-01-28T18:29:59","date_gmt":"2014-01-28T17:29:59","guid":{"rendered":"http:\/\/www.association-rev.club\/?page_id=70"},"modified":"2014-01-28T18:29:59","modified_gmt":"2014-01-28T17:29:59","slug":"realisations","status":"publish","type":"page","link":"http:\/\/association-rev.club\/index.php\/realisations\/","title":{"rendered":"R\u00e9alisations"},"content":{"rendered":"<p style=\"text-align: center;\">\u00a0<\/p>\n<p style=\"text-align: center;\"><strong>Les r\u00e9alisations de nos membres.<\/strong><\/p>\n<p><a href=\"http:\/\/www.association-rev.club\/wp-content\/uploads\/2014\/01\/bricoleur.jpg\"><img loading=\"lazy\" decoding=\"async\" class=\"aligncenter size-full wp-image-69\" alt=\"bricoleur\" src=\"http:\/\/www.association-rev.club\/wp-content\/uploads\/2014\/01\/bricoleur.jpg\" width=\"133\" height=\"168\" \/><\/a><\/p>\n<p>&nbsp;<\/p>\n<p>Ici, on touche \u00e0 tout !<\/p>\n<ul>\n<li>menuiserie<\/li>\n<li>\u00e9lectricit\u00e9<\/li>\n<li>\u00e9lectronique<\/li>\n<li>peinture<\/li>\n<li>montage maquettes<\/li>\n<li>sculpture sur d\u00e9pron<\/li>\n<li>etc &#8230;<\/li>\n<\/ul>\n<p>A chacun ses envies et ses id\u00e9es.<\/p>\n","protected":false},"excerpt":{"rendered":"<p>\u00a0 Les r\u00e9alisations de nos membres. &nbsp; Ici, on touche \u00e0 tout ! menuiserie \u00e9lectricit\u00e9 \u00e9lectronique peinture montage maquettes sculpture sur d\u00e9pron etc &#8230; A chacun ses envies et ses id\u00e9es.<\/p>\n","protected":false},"author":2,"featured_media":0,"parent":0,"menu_order":0,"comment_status":"open","ping_status":"open","template":"","meta":{"footnotes":""},"class_list":["post-70","page","type-page","status-publish","hentry"],"_links":{"self":[{"href":"http:\/\/association-rev.club\/index.php\/wp-json\/wp\/v2\/pages\/70","targetHints":{"allow":["GET"]}}],"collection":[{"href":"http:\/\/association-rev.club\/index.php\/wp-json\/wp\/v2\/pages"}],"about":[{"href":"http:\/\/association-rev.club\/index.php\/wp-json\/wp\/v2\/types\/page"}],"author":[{"embeddable":true,"href":"http:\/\/association-rev.club\/index.php\/wp-json\/wp\/v2\/users\/2"}],"replies":[{"embeddable":true,"href":"http:\/\/association-rev.club\/index.php\/wp-json\/wp\/v2\/comments?post=70"}],"version-history":[{"count":0,"href":"http:\/\/association-rev.club\/index.php\/wp-json\/wp\/v2\/pages\/70\/revisions"}],"wp:attachment":[{"href":"http:\/\/association-rev.club\/index.php\/wp-json\/wp\/v2\/media?parent=70"}],"curies":[{"name":"wp","href":"https:\/\/api.w.org\/{rel}","templated":true}]}}