{"id":51,"date":"2014-01-28T18:05:35","date_gmt":"2014-01-28T17:05:35","guid":{"rendered":"http:\/\/www.association-rev.club\/?page_id=51"},"modified":"2014-01-28T18:05:35","modified_gmt":"2014-01-28T17:05:35","slug":"videos","status":"publish","type":"page","link":"http:\/\/association-rev.club\/index.php\/videos\/","title":{"rendered":"Vid\u00e9os"},"content":{"rendered":"<p><img loading=\"lazy\" decoding=\"async\" class=\"size-full wp-image-53 aligncenter\" src=\"http:\/\/www.association-rev.club\/wp-content\/uploads\/2014\/01\/video.gif\" alt=\"video\" width=\"120\" height=\"111\" \/><\/p>\n<p>Visionnez toutes les vid\u00e9os de l&rsquo;association ainsi que celles\u00a0produitent par nos amis.<\/p>\n<p>&nbsp;<\/p>\n<p>N&rsquo;h\u00e9sitez pas \u00e0 visiter \u00e9galement notre cha\u00eene <a href=\"http:\/\/www.youtube.com\/user\/associationREV\" target=\"BLANK\"><img loading=\"lazy\" decoding=\"async\" class=\"wp-image-362 alignnone\" src=\"http:\/\/www.association-rev.club\/wp-content\/uploads\/2015\/09\/youtube.jpg\" alt=\"youtube\" width=\"61\" height=\"25\" \/><\/a>\u00a0:<\/p>\n<p><a href=\"http:\/\/www.youtube.com\/user\/associationREV\" target=\"BLANK\"><img loading=\"lazy\" decoding=\"async\" class=\" wp-image-52 aligncenter\" src=\"http:\/\/www.association-rev.club\/wp-content\/uploads\/2014\/01\/REV_logo2-300x150.jpg\" alt=\"REV_logo2\" width=\"382\" height=\"185\" \/><\/a><\/p>\n<p>Bon visionnage.<\/p>\n<p>&nbsp;<\/p>\n","protected":false},"excerpt":{"rendered":"<p>Visionnez toutes les vid\u00e9os de l&rsquo;association ainsi que celles\u00a0produitent par nos amis. &nbsp; N&rsquo;h\u00e9sitez pas \u00e0 visiter \u00e9galement notre cha\u00eene \u00a0: Bon visionnage. &nbsp;<\/p>\n","protected":false},"author":2,"featured_media":0,"parent":0,"menu_order":0,"comment_status":"open","ping_status":"open","template":"","meta":{"footnotes":""},"class_list":["post-51","page","type-page","status-publish","hentry"],"_links":{"self":[{"href":"http:\/\/association-rev.club\/index.php\/wp-json\/wp\/v2\/pages\/51","targetHints":{"allow":["GET"]}}],"collection":[{"href":"http:\/\/association-rev.club\/index.php\/wp-json\/wp\/v2\/pages"}],"about":[{"href":"http:\/\/association-rev.club\/index.php\/wp-json\/wp\/v2\/types\/page"}],"author":[{"embeddable":true,"href":"http:\/\/association-rev.club\/index.php\/wp-json\/wp\/v2\/users\/2"}],"replies":[{"embeddable":true,"href":"http:\/\/association-rev.club\/index.php\/wp-json\/wp\/v2\/comments?post=51"}],"version-history":[{"count":0,"href":"http:\/\/association-rev.club\/index.php\/wp-json\/wp\/v2\/pages\/51\/revisions"}],"wp:attachment":[{"href":"http:\/\/association-rev.club\/index.php\/wp-json\/wp\/v2\/media?parent=51"}],"curies":[{"name":"wp","href":"https:\/\/api.w.org\/{rel}","templated":true}]}}