{"id":504,"date":"2018-11-05T13:58:39","date_gmt":"2018-11-05T12:58:39","guid":{"rendered":"http:\/\/association-rev.club\/?page_id=504"},"modified":"2018-11-05T14:41:26","modified_gmt":"2018-11-05T13:41:26","slug":"manon","status":"publish","type":"page","link":"http:\/\/association-rev.club\/index.php\/realisations\/manon\/","title":{"rendered":"Manon"},"content":{"rendered":"<p style=\"text-align: center;\"><strong>Le r\u00e9seau de Manon.<\/strong><\/p>\n<p><strong>Manonville<\/strong><br \/>\nHuit \u00e9l\u00e9ments qui s&rsquo;assemblent rapidement afin d&rsquo;avoir un temps d&rsquo;installation (du d\u00e9ballage aux premiers tours de roue des locos) en moins de 15 minutes chrono ! (tr\u00e8s utile en expo) :<\/p>\n<p><img loading=\"lazy\" decoding=\"async\" class=\"alignnone size-medium wp-image-505\" src=\"http:\/\/association-rev.club\/wp-content\/uploads\/2018\/11\/Manon_20181006-300x169.jpg\" alt=\"\" width=\"300\" height=\"169\" srcset=\"http:\/\/association-rev.club\/wp-content\/uploads\/2018\/11\/Manon_20181006-300x169.jpg 300w, http:\/\/association-rev.club\/wp-content\/uploads\/2018\/11\/Manon_20181006.jpg 600w\" sizes=\"auto, (max-width: 300px) 100vw, 300px\" \/><\/p>\n<p><img loading=\"lazy\" decoding=\"async\" class=\"alignnone size-medium wp-image-506\" src=\"http:\/\/association-rev.club\/wp-content\/uploads\/2018\/11\/Manon_20181027-1-300x169.jpg\" alt=\"\" width=\"300\" height=\"169\" srcset=\"http:\/\/association-rev.club\/wp-content\/uploads\/2018\/11\/Manon_20181027-1-300x169.jpg 300w, http:\/\/association-rev.club\/wp-content\/uploads\/2018\/11\/Manon_20181027-1.jpg 500w\" sizes=\"auto, (max-width: 300px) 100vw, 300px\" \/><\/p>\n<p><img loading=\"lazy\" decoding=\"async\" class=\"alignnone size-medium wp-image-507\" src=\"http:\/\/association-rev.club\/wp-content\/uploads\/2018\/11\/Manon_20181006-2-300x225.jpg\" alt=\"\" width=\"300\" height=\"225\" srcset=\"http:\/\/association-rev.club\/wp-content\/uploads\/2018\/11\/Manon_20181006-2-300x225.jpg 300w, http:\/\/association-rev.club\/wp-content\/uploads\/2018\/11\/Manon_20181006-2-768x576.jpg 768w, http:\/\/association-rev.club\/wp-content\/uploads\/2018\/11\/Manon_20181006-2.jpg 1024w\" sizes=\"auto, (max-width: 300px) 100vw, 300px\" \/><\/p>\n<p>Et le tout en vid\u00e9o :<\/p>\n<p>https:\/\/youtu.be\/NaBSdkLGXQo<\/p>\n<p>&nbsp;<\/p>\n<p><strong>Mont-REV<\/strong><\/p>\n<p>En cours de r\u00e9alisation.<br \/>\nSous la forme de modules align\u00e9s afin d&rsquo;\u00e9voquer une gare terminus qui est tr\u00e8s agr\u00e9able pour r\u00e9aliser de petites manoeuvres. Egalement pr\u00e9vu, une coulisse (derri\u00e8re de fond de d\u00e9cor) afin de pouvoir g\u00e9rer les entr\u00e9es\/sorties en sc\u00e8ne.<\/p>\n<p><img loading=\"lazy\" decoding=\"async\" class=\"alignnone size-medium wp-image-511\" src=\"http:\/\/association-rev.club\/wp-content\/uploads\/2018\/11\/Manon_20180930-1-300x274.jpg\" alt=\"\" width=\"300\" height=\"274\" srcset=\"http:\/\/association-rev.club\/wp-content\/uploads\/2018\/11\/Manon_20180930-1-300x274.jpg 300w, http:\/\/association-rev.club\/wp-content\/uploads\/2018\/11\/Manon_20180930-1.jpg 400w\" sizes=\"auto, (max-width: 300px) 100vw, 300px\" \/> <img loading=\"lazy\" decoding=\"async\" class=\"alignnone size-medium wp-image-512\" src=\"http:\/\/association-rev.club\/wp-content\/uploads\/2018\/11\/Manon_20180930-2-169x300.jpg\" alt=\"\" width=\"169\" height=\"300\" srcset=\"http:\/\/association-rev.club\/wp-content\/uploads\/2018\/11\/Manon_20180930-2-169x300.jpg 169w, http:\/\/association-rev.club\/wp-content\/uploads\/2018\/11\/Manon_20180930-2.jpg 225w\" sizes=\"auto, (max-width: 169px) 100vw, 169px\" \/><img loading=\"lazy\" decoding=\"async\" class=\"alignnone size-medium wp-image-513\" src=\"http:\/\/association-rev.club\/wp-content\/uploads\/2018\/11\/Manon_20180930-3-300x169.jpg\" alt=\"\" width=\"300\" height=\"169\" srcset=\"http:\/\/association-rev.club\/wp-content\/uploads\/2018\/11\/Manon_20180930-3-300x169.jpg 300w, http:\/\/association-rev.club\/wp-content\/uploads\/2018\/11\/Manon_20180930-3-768x432.jpg 768w, http:\/\/association-rev.club\/wp-content\/uploads\/2018\/11\/Manon_20180930-3.jpg 800w\" sizes=\"auto, (max-width: 300px) 100vw, 300px\" \/><\/p>\n<p>&nbsp;<\/p>\n<p>A noter que l&rsquo;ensemble des r\u00e9alisations de la demoiselle doit r\u00e9pondre au m\u00eame imp\u00e9ratif : <em>offrir un espace discret de stockage du paquet de madeleine<\/em>.<\/p>\n\n","protected":false},"excerpt":{"rendered":"<p>Le r\u00e9seau de Manon. Manonville Huit \u00e9l\u00e9ments qui s&rsquo;assemblent rapidement afin d&rsquo;avoir un temps d&rsquo;installation (du d\u00e9ballage aux premiers tours de roue des locos) en moins de 15 minutes chrono ! (tr\u00e8s utile en expo) : Et le tout en vid\u00e9o : https:\/\/youtu.be\/NaBSdkLGXQo &nbsp; Mont-REV En cours de r\u00e9alisation. Sous la forme de modules align\u00e9s &hellip; <\/p>\n<p class=\"link-more\"><a href=\"http:\/\/association-rev.club\/index.php\/realisations\/manon\/\" class=\"more-link\">Continuer la lecture<span class=\"screen-reader-text\"> de &laquo;&nbsp;Manon&nbsp;&raquo;<\/span><\/a><\/p>\n","protected":false},"author":2,"featured_media":0,"parent":70,"menu_order":0,"comment_status":"closed","ping_status":"closed","template":"","meta":{"footnotes":""},"class_list":["post-504","page","type-page","status-publish","hentry"],"_links":{"self":[{"href":"http:\/\/association-rev.club\/index.php\/wp-json\/wp\/v2\/pages\/504","targetHints":{"allow":["GET"]}}],"collection":[{"href":"http:\/\/association-rev.club\/index.php\/wp-json\/wp\/v2\/pages"}],"about":[{"href":"http:\/\/association-rev.club\/index.php\/wp-json\/wp\/v2\/types\/page"}],"author":[{"embeddable":true,"href":"http:\/\/association-rev.club\/index.php\/wp-json\/wp\/v2\/users\/2"}],"replies":[{"embeddable":true,"href":"http:\/\/association-rev.club\/index.php\/wp-json\/wp\/v2\/comments?post=504"}],"version-history":[{"count":5,"href":"http:\/\/association-rev.club\/index.php\/wp-json\/wp\/v2\/pages\/504\/revisions"}],"predecessor-version":[{"id":516,"href":"http:\/\/association-rev.club\/index.php\/wp-json\/wp\/v2\/pages\/504\/revisions\/516"}],"up":[{"embeddable":true,"href":"http:\/\/association-rev.club\/index.php\/wp-json\/wp\/v2\/pages\/70"}],"wp:attachment":[{"href":"http:\/\/association-rev.club\/index.php\/wp-json\/wp\/v2\/media?parent=504"}],"curies":[{"name":"wp","href":"https:\/\/api.w.org\/{rel}","templated":true}]}}