{"id":482,"date":"2018-11-05T12:16:52","date_gmt":"2018-11-05T11:16:52","guid":{"rendered":"http:\/\/association-rev.club\/?page_id=482"},"modified":"2018-11-05T13:32:51","modified_gmt":"2018-11-05T12:32:51","slug":"2011-a-2020","status":"publish","type":"page","link":"http:\/\/association-rev.club\/index.php\/expositions\/2011-a-2020\/","title":{"rendered":"2011 \u00e0 2020"},"content":{"rendered":"<p>Regroupement des expositions de la d\u00e9cennie de 2011 \u00e0 2020.<\/p>\n","protected":false},"excerpt":{"rendered":"<p>Regroupement des expositions de la d\u00e9cennie de 2011 \u00e0 2020.<\/p>\n","protected":false},"author":2,"featured_media":0,"parent":203,"menu_order":1,"comment_status":"closed","ping_status":"closed","template":"","meta":{"footnotes":""},"class_list":["post-482","page","type-page","status-publish","hentry"],"_links":{"self":[{"href":"http:\/\/association-rev.club\/index.php\/wp-json\/wp\/v2\/pages\/482","targetHints":{"allow":["GET"]}}],"collection":[{"href":"http:\/\/association-rev.club\/index.php\/wp-json\/wp\/v2\/pages"}],"about":[{"href":"http:\/\/association-rev.club\/index.php\/wp-json\/wp\/v2\/types\/page"}],"author":[{"embeddable":true,"href":"http:\/\/association-rev.club\/index.php\/wp-json\/wp\/v2\/users\/2"}],"replies":[{"embeddable":true,"href":"http:\/\/association-rev.club\/index.php\/wp-json\/wp\/v2\/comments?post=482"}],"version-history":[{"count":1,"href":"http:\/\/association-rev.club\/index.php\/wp-json\/wp\/v2\/pages\/482\/revisions"}],"predecessor-version":[{"id":483,"href":"http:\/\/association-rev.club\/index.php\/wp-json\/wp\/v2\/pages\/482\/revisions\/483"}],"up":[{"embeddable":true,"href":"http:\/\/association-rev.club\/index.php\/wp-json\/wp\/v2\/pages\/203"}],"wp:attachment":[{"href":"http:\/\/association-rev.club\/index.php\/wp-json\/wp\/v2\/media?parent=482"}],"curies":[{"name":"wp","href":"https:\/\/api.w.org\/{rel}","templated":true}]}}