{"id":473,"date":"2018-11-05T12:15:21","date_gmt":"2018-11-05T11:15:21","guid":{"rendered":"http:\/\/association-rev.club\/?page_id=473"},"modified":"2018-11-05T13:32:06","modified_gmt":"2018-11-05T12:32:06","slug":"2003-a-2010","status":"publish","type":"page","link":"http:\/\/association-rev.club\/index.php\/expositions\/2003-a-2010\/","title":{"rendered":"2003 \u00e0 2010"},"content":{"rendered":"<p>1Regroupement des expositions de la d\u00e9cennie de 2003 \u00e0 2010.<\/p>\n","protected":false},"excerpt":{"rendered":"<p>1Regroupement des expositions de la d\u00e9cennie de 2003 \u00e0 2010.<\/p>\n","protected":false},"author":2,"featured_media":0,"parent":203,"menu_order":1,"comment_status":"closed","ping_status":"closed","template":"","meta":{"footnotes":""},"class_list":["post-473","page","type-page","status-publish","hentry"],"_links":{"self":[{"href":"http:\/\/association-rev.club\/index.php\/wp-json\/wp\/v2\/pages\/473","targetHints":{"allow":["GET"]}}],"collection":[{"href":"http:\/\/association-rev.club\/index.php\/wp-json\/wp\/v2\/pages"}],"about":[{"href":"http:\/\/association-rev.club\/index.php\/wp-json\/wp\/v2\/types\/page"}],"author":[{"embeddable":true,"href":"http:\/\/association-rev.club\/index.php\/wp-json\/wp\/v2\/users\/2"}],"replies":[{"embeddable":true,"href":"http:\/\/association-rev.club\/index.php\/wp-json\/wp\/v2\/comments?post=473"}],"version-history":[{"count":2,"href":"http:\/\/association-rev.club\/index.php\/wp-json\/wp\/v2\/pages\/473\/revisions"}],"predecessor-version":[{"id":492,"href":"http:\/\/association-rev.club\/index.php\/wp-json\/wp\/v2\/pages\/473\/revisions\/492"}],"up":[{"embeddable":true,"href":"http:\/\/association-rev.club\/index.php\/wp-json\/wp\/v2\/pages\/203"}],"wp:attachment":[{"href":"http:\/\/association-rev.club\/index.php\/wp-json\/wp\/v2\/media?parent=473"}],"curies":[{"name":"wp","href":"https:\/\/api.w.org\/{rel}","templated":true}]}}