{"id":413,"date":"2018-02-24T13:25:59","date_gmt":"2018-02-24T12:25:59","guid":{"rendered":"http:\/\/www.association-rev.club\/?page_id=413"},"modified":"2019-01-05T20:10:40","modified_gmt":"2019-01-05T19:10:40","slug":"2018-2","status":"publish","type":"page","link":"http:\/\/association-rev.club\/index.php\/expositions\/2011-a-2020\/2018-2\/","title":{"rendered":"2018"},"content":{"rendered":"\n<h1 class=\"wp-block-heading\" style=\"text-align:center\"><span style=\"color: #ff0000; text-decoration: underline;\"><strong>2018<\/strong><\/span><\/h1>\n\n\n\n<p><strong>Saint Leu d&rsquo;Esserent<\/strong>&nbsp;(60) les 27 et 28 janvier 2018.<br>Participation au Salon des Artistes en Libert\u00e9.<\/p>\n\n\n\n<figure class=\"wp-block-embed-youtube wp-block-embed is-type-video is-provider-youtube wp-embed-aspect-16-9 wp-has-aspect-ratio\"><div class=\"wp-block-embed__wrapper\">\n<iframe loading=\"lazy\" title=\"REV - Exposition Saint Leu d&#039;Esserent\" width=\"525\" height=\"295\" src=\"https:\/\/www.youtube.com\/embed\/9Ho-MSIuWnI?feature=oembed\" frameborder=\"0\" allow=\"accelerometer; autoplay; clipboard-write; encrypted-media; gyroscope; picture-in-picture; web-share\" referrerpolicy=\"strict-origin-when-cross-origin\" allowfullscreen><\/iframe>\n<\/div><\/figure>\n\n\n\n<p><strong>La Chapelle-en-Serval<\/strong>&nbsp;(60) les 6 et 7 octobre 2018. <br>L&rsquo;association REV a eu l&rsquo;honneur d&rsquo;\u00eatre invit\u00e9 lors du salon de mod\u00e9lisme dont voici la vid\u00e9o de ce grand moment :<\/p>\n\n\n\n\n\n<figure class=\"wp-block-embed-youtube wp-block-embed is-type-video is-provider-youtube wp-embed-aspect-16-9 wp-has-aspect-ratio\"><div class=\"wp-block-embed__wrapper\">\n<iframe loading=\"lazy\" title=\"REV - Exposition La Chapelle-en-Serval 2018\" width=\"525\" height=\"295\" src=\"https:\/\/www.youtube.com\/embed\/PcNS3W0GxpQ?feature=oembed\" frameborder=\"0\" allow=\"accelerometer; autoplay; clipboard-write; encrypted-media; gyroscope; picture-in-picture; web-share\" referrerpolicy=\"strict-origin-when-cross-origin\" allowfullscreen><\/iframe>\n<\/div><\/figure>\n\n\n\n<p><\/p>\n","protected":false},"excerpt":{"rendered":"<p>2018 Saint Leu d&rsquo;Esserent&nbsp;(60) les 27 et 28 janvier 2018.Participation au Salon des Artistes en Libert\u00e9. La Chapelle-en-Serval&nbsp;(60) les 6 et 7 octobre 2018. L&rsquo;association REV a eu l&rsquo;honneur d&rsquo;\u00eatre invit\u00e9 lors du salon de mod\u00e9lisme dont voici la vid\u00e9o de ce grand moment :<\/p>\n","protected":false},"author":2,"featured_media":0,"parent":482,"menu_order":2,"comment_status":"closed","ping_status":"closed","template":"","meta":{"footnotes":""},"class_list":["post-413","page","type-page","status-publish","hentry"],"_links":{"self":[{"href":"http:\/\/association-rev.club\/index.php\/wp-json\/wp\/v2\/pages\/413","targetHints":{"allow":["GET"]}}],"collection":[{"href":"http:\/\/association-rev.club\/index.php\/wp-json\/wp\/v2\/pages"}],"about":[{"href":"http:\/\/association-rev.club\/index.php\/wp-json\/wp\/v2\/types\/page"}],"author":[{"embeddable":true,"href":"http:\/\/association-rev.club\/index.php\/wp-json\/wp\/v2\/users\/2"}],"replies":[{"embeddable":true,"href":"http:\/\/association-rev.club\/index.php\/wp-json\/wp\/v2\/comments?post=413"}],"version-history":[{"count":9,"href":"http:\/\/association-rev.club\/index.php\/wp-json\/wp\/v2\/pages\/413\/revisions"}],"predecessor-version":[{"id":540,"href":"http:\/\/association-rev.club\/index.php\/wp-json\/wp\/v2\/pages\/413\/revisions\/540"}],"up":[{"embeddable":true,"href":"http:\/\/association-rev.club\/index.php\/wp-json\/wp\/v2\/pages\/482"}],"wp:attachment":[{"href":"http:\/\/association-rev.club\/index.php\/wp-json\/wp\/v2\/media?parent=413"}],"curies":[{"name":"wp","href":"https:\/\/api.w.org\/{rel}","templated":true}]}}