{"id":38,"date":"2014-01-28T17:45:56","date_gmt":"2014-01-28T16:45:56","guid":{"rendered":"http:\/\/www.association-rev.club\/?page_id=38"},"modified":"2014-01-28T17:45:56","modified_gmt":"2014-01-28T16:45:56","slug":"exposition-nogent-sur-oise-novembre-2013","status":"publish","type":"page","link":"http:\/\/association-rev.club\/index.php\/videos\/exposition-nogent-sur-oise-novembre-2013\/","title":{"rendered":"Exposition Nogent-sur-Oise (novembre 2013)"},"content":{"rendered":"<p>Vid\u00e9o de l&rsquo;exposition \u00e0 Nogent-sur-Oise qui s&rsquo;est tenue le week-end du 26 et 27 octobre 2013.<br \/>\nPas mal d&rsquo;exposants avec de tr\u00e8s belles r\u00e9alisations. Afin d&rsquo;avoir une vid\u00e9o pas trop lourde et d&rsquo;offrir un r\u00e9sum\u00e9, j&rsquo;ai du couper certaines s\u00e9quences afin de n&rsquo;offrir qu&rsquo;un \u00e9chantillon que j&rsquo;ai voulu repr\u00e9sentatif. D\u00e9sol\u00e9 pour celles et ceux qui auront \u00e9t\u00e9 oubli\u00e9 dans les images.<br \/>\nUne large derni\u00e8re partie est consacr\u00e9e aux trains (raison d&rsquo;\u00eatre de notre club).<br \/>\nBon visionnage.<\/p>\n<p><iframe loading=\"lazy\" width=\"560\" height=\"315\" src=\"\/\/www.youtube.com\/embed\/xeRI3grxfbA\" frameborder=\"0\" allowfullscreen><\/iframe><\/p>\n","protected":false},"excerpt":{"rendered":"<p>Vid\u00e9o de l&rsquo;exposition \u00e0 Nogent-sur-Oise qui s&rsquo;est tenue le week-end du 26 et 27 octobre 2013. Pas mal d&rsquo;exposants avec de tr\u00e8s belles r\u00e9alisations. Afin d&rsquo;avoir une vid\u00e9o pas trop lourde et d&rsquo;offrir un r\u00e9sum\u00e9, j&rsquo;ai du couper certaines s\u00e9quences afin de n&rsquo;offrir qu&rsquo;un \u00e9chantillon que j&rsquo;ai voulu repr\u00e9sentatif. D\u00e9sol\u00e9 pour celles et ceux qui &hellip; <\/p>\n<p class=\"link-more\"><a href=\"http:\/\/association-rev.club\/index.php\/videos\/exposition-nogent-sur-oise-novembre-2013\/\" class=\"more-link\">Continuer la lecture<span class=\"screen-reader-text\"> de &laquo;&nbsp;Exposition Nogent-sur-Oise (novembre 2013)&nbsp;&raquo;<\/span><\/a><\/p>\n","protected":false},"author":2,"featured_media":0,"parent":51,"menu_order":0,"comment_status":"open","ping_status":"closed","template":"","meta":{"footnotes":""},"class_list":["post-38","page","type-page","status-publish","hentry"],"_links":{"self":[{"href":"http:\/\/association-rev.club\/index.php\/wp-json\/wp\/v2\/pages\/38","targetHints":{"allow":["GET"]}}],"collection":[{"href":"http:\/\/association-rev.club\/index.php\/wp-json\/wp\/v2\/pages"}],"about":[{"href":"http:\/\/association-rev.club\/index.php\/wp-json\/wp\/v2\/types\/page"}],"author":[{"embeddable":true,"href":"http:\/\/association-rev.club\/index.php\/wp-json\/wp\/v2\/users\/2"}],"replies":[{"embeddable":true,"href":"http:\/\/association-rev.club\/index.php\/wp-json\/wp\/v2\/comments?post=38"}],"version-history":[{"count":0,"href":"http:\/\/association-rev.club\/index.php\/wp-json\/wp\/v2\/pages\/38\/revisions"}],"up":[{"embeddable":true,"href":"http:\/\/association-rev.club\/index.php\/wp-json\/wp\/v2\/pages\/51"}],"wp:attachment":[{"href":"http:\/\/association-rev.club\/index.php\/wp-json\/wp\/v2\/media?parent=38"}],"curies":[{"name":"wp","href":"https:\/\/api.w.org\/{rel}","templated":true}]}}