{"id":378,"date":"2016-04-01T14:09:21","date_gmt":"2016-04-01T13:09:21","guid":{"rendered":"http:\/\/www.association-rev.club\/?page_id=378"},"modified":"2018-11-05T12:17:45","modified_gmt":"2018-11-05T11:17:45","slug":"2016-2","status":"publish","type":"page","link":"http:\/\/association-rev.club\/index.php\/expositions\/2011-a-2020\/2016-2\/","title":{"rendered":"2016"},"content":{"rendered":"<h1 style=\"text-align: center;\"><span style=\"text-decoration: underline;\"><span style=\"color: #ff0000;\"><strong>2016<\/strong><\/span><\/span><\/h1>\n<p><strong>Till\u00e9<\/strong>\u00a0(60) les 19\u00a0et 20 mars 2016.<br \/>\nUne tr\u00e8s belle exposition pluridisciplinaire.<\/p>\n<p><iframe loading=\"lazy\" title=\"REV - 12\u00e8me salon de la maquette et du mod\u00e8le r\u00e9duit de Beauvais\" width=\"525\" height=\"295\" src=\"https:\/\/www.youtube.com\/embed\/_uxorG4yAYE?feature=oembed\" frameborder=\"0\" allow=\"accelerometer; autoplay; clipboard-write; encrypted-media; gyroscope; picture-in-picture; web-share\" referrerpolicy=\"strict-origin-when-cross-origin\" allowfullscreen><\/iframe><\/p>\n<p>&nbsp;<\/p>\n<p><strong>Brenouille<\/strong>\u00a0(60) les 17\u00a0et\u00a018\u00a0septembre 2016.<br \/>\nUne premi\u00e8re exposition de la maquette dans cette charmante commune et un premier succ\u00e8s. Beaucoup de visiteurs et une organisation au top. La commune et l&rsquo;organisateur ont su informer les visiteurs et s&rsquo;occuper des exposants.<br \/>\nBref, un grand merci pour cette belle r\u00e9ussite et ces bons moments avec nos amis de Creil.<\/p>\n<p><strong>Cr\u00e9py-en-Valois<\/strong>\u00a0(60) les\u00a024\u00a0et\u00a025\u00a0septembre 2016.<br \/>\nUne semaine apr\u00e8s Brenouille, on repart en vadrouille pour une exposition que nous connaissons bien au club. Cette fois-ci, c&rsquo;est en num\u00e9rique que nous tournons et nous avons donc un peut plus de mat\u00e9riel sur les voies du coup.<\/p>\n<p><iframe loading=\"lazy\" title=\"REV - Exposition Brenouille &amp; Cr\u00e9py-en-Valois\" width=\"525\" height=\"295\" src=\"https:\/\/www.youtube.com\/embed\/lzuVpj0qrEw?feature=oembed\" frameborder=\"0\" allow=\"accelerometer; autoplay; clipboard-write; encrypted-media; gyroscope; picture-in-picture; web-share\" referrerpolicy=\"strict-origin-when-cross-origin\" allowfullscreen><\/iframe><\/p>\n<p>&nbsp;<\/p>\n","protected":false},"excerpt":{"rendered":"<p>2016 Till\u00e9\u00a0(60) les 19\u00a0et 20 mars 2016. Une tr\u00e8s belle exposition pluridisciplinaire. &nbsp; Brenouille\u00a0(60) les 17\u00a0et\u00a018\u00a0septembre 2016. Une premi\u00e8re exposition de la maquette dans cette charmante commune et un premier succ\u00e8s. Beaucoup de visiteurs et une organisation au top. La commune et l&rsquo;organisateur ont su informer les visiteurs et s&rsquo;occuper des exposants. Bref, un grand &hellip; <\/p>\n<p class=\"link-more\"><a href=\"http:\/\/association-rev.club\/index.php\/expositions\/2011-a-2020\/2016-2\/\" class=\"more-link\">Continuer la lecture<span class=\"screen-reader-text\"> de &laquo;&nbsp;2016&nbsp;&raquo;<\/span><\/a><\/p>\n","protected":false},"author":2,"featured_media":0,"parent":482,"menu_order":0,"comment_status":"closed","ping_status":"closed","template":"","meta":{"footnotes":""},"class_list":["post-378","page","type-page","status-publish","hentry"],"_links":{"self":[{"href":"http:\/\/association-rev.club\/index.php\/wp-json\/wp\/v2\/pages\/378","targetHints":{"allow":["GET"]}}],"collection":[{"href":"http:\/\/association-rev.club\/index.php\/wp-json\/wp\/v2\/pages"}],"about":[{"href":"http:\/\/association-rev.club\/index.php\/wp-json\/wp\/v2\/types\/page"}],"author":[{"embeddable":true,"href":"http:\/\/association-rev.club\/index.php\/wp-json\/wp\/v2\/users\/2"}],"replies":[{"embeddable":true,"href":"http:\/\/association-rev.club\/index.php\/wp-json\/wp\/v2\/comments?post=378"}],"version-history":[{"count":1,"href":"http:\/\/association-rev.club\/index.php\/wp-json\/wp\/v2\/pages\/378\/revisions"}],"predecessor-version":[{"id":490,"href":"http:\/\/association-rev.club\/index.php\/wp-json\/wp\/v2\/pages\/378\/revisions\/490"}],"up":[{"embeddable":true,"href":"http:\/\/association-rev.club\/index.php\/wp-json\/wp\/v2\/pages\/482"}],"wp:attachment":[{"href":"http:\/\/association-rev.club\/index.php\/wp-json\/wp\/v2\/media?parent=378"}],"curies":[{"name":"wp","href":"https:\/\/api.w.org\/{rel}","templated":true}]}}