{"id":357,"date":"2015-09-05T10:49:10","date_gmt":"2015-09-05T09:49:10","guid":{"rendered":"http:\/\/www.association-rev.club\/?page_id=357"},"modified":"2015-09-05T10:49:10","modified_gmt":"2015-09-05T09:49:10","slug":"bibliotheque","status":"publish","type":"page","link":"http:\/\/association-rev.club\/index.php\/bibliotheque\/","title":{"rendered":"Biblioth\u00e8que"},"content":{"rendered":"<h3 style=\"text-align: center;\"><span style=\"color: #0000ff;\">Espace de partage documentaire accessible uniquement \u00e0 nos membres.<\/span><\/h3>\n<h3 style=\"text-align: center;\"><span style=\"color: #0000ff;\">Merci d&rsquo;adresser toute demande par mail ou directement \u00e0 Francis lors d&rsquo;une de nos r\u00e9unions.<\/span><\/h3>\n","protected":false},"excerpt":{"rendered":"<p>Espace de partage documentaire accessible uniquement \u00e0 nos membres. Merci d&rsquo;adresser toute demande par mail ou directement \u00e0 Francis lors d&rsquo;une de nos r\u00e9unions.<\/p>\n","protected":false},"author":2,"featured_media":0,"parent":0,"menu_order":0,"comment_status":"closed","ping_status":"closed","template":"","meta":{"footnotes":""},"class_list":["post-357","page","type-page","status-publish","hentry"],"_links":{"self":[{"href":"http:\/\/association-rev.club\/index.php\/wp-json\/wp\/v2\/pages\/357","targetHints":{"allow":["GET"]}}],"collection":[{"href":"http:\/\/association-rev.club\/index.php\/wp-json\/wp\/v2\/pages"}],"about":[{"href":"http:\/\/association-rev.club\/index.php\/wp-json\/wp\/v2\/types\/page"}],"author":[{"embeddable":true,"href":"http:\/\/association-rev.club\/index.php\/wp-json\/wp\/v2\/users\/2"}],"replies":[{"embeddable":true,"href":"http:\/\/association-rev.club\/index.php\/wp-json\/wp\/v2\/comments?post=357"}],"version-history":[{"count":0,"href":"http:\/\/association-rev.club\/index.php\/wp-json\/wp\/v2\/pages\/357\/revisions"}],"wp:attachment":[{"href":"http:\/\/association-rev.club\/index.php\/wp-json\/wp\/v2\/media?parent=357"}],"curies":[{"name":"wp","href":"https:\/\/api.w.org\/{rel}","templated":true}]}}