{"id":338,"date":"2015-02-19T17:30:06","date_gmt":"2015-02-19T16:30:06","guid":{"rendered":"http:\/\/www.association-rev.club\/?page_id=338"},"modified":"2018-11-05T13:37:43","modified_gmt":"2018-11-05T12:37:43","slug":"2015-2","status":"publish","type":"page","link":"http:\/\/association-rev.club\/index.php\/expositions\/2011-a-2020\/2015-2\/","title":{"rendered":"2015"},"content":{"rendered":"<h1 style=\"text-align: center;\"><span style=\"text-decoration: underline;\"><span style=\"color: #ff0000;\"><strong>2015<\/strong><\/span><\/span><\/h1>\n<p><strong>Goussainville<\/strong> (95) les 7 et 8 f\u00e9vrier 2015.<br \/>\nGrosse et merveilleuse exposition.<br \/>\nDu beau monde avec beaucoup d&rsquo;exposants.<br \/>\nNous avions sortie pour l&rsquo;occasion la bute de triage. H\u00e9las, cette derni\u00e8re a accumul\u00e9e des d\u00e9faillances ce qui la rend inutilisable pour quelques mois (le temps de r\u00e9parer et d&rsquo;am\u00e9liorer certaines parties).<\/p>\n<p><span style=\"color: #3366ff;\"><em>Plusieurs vid\u00e9os\u00a0sont toujours\u00a0en cours de montage.<\/em><\/span><\/p>\n<p>Gilles en Picardie :<\/p>\n<p><iframe loading=\"lazy\" title=\"FLASH #5 - Gilles en Picardie\" width=\"525\" height=\"295\" src=\"https:\/\/www.youtube.com\/embed\/UNWjZU5-XEs?feature=oembed\" frameborder=\"0\" allow=\"accelerometer; autoplay; clipboard-write; encrypted-media; gyroscope; picture-in-picture; web-share\" referrerpolicy=\"strict-origin-when-cross-origin\" allowfullscreen><\/iframe><\/p>\n","protected":false},"excerpt":{"rendered":"<p>2015 Goussainville (95) les 7 et 8 f\u00e9vrier 2015. Grosse et merveilleuse exposition. Du beau monde avec beaucoup d&rsquo;exposants. Nous avions sortie pour l&rsquo;occasion la bute de triage. H\u00e9las, cette derni\u00e8re a accumul\u00e9e des d\u00e9faillances ce qui la rend inutilisable pour quelques mois (le temps de r\u00e9parer et d&rsquo;am\u00e9liorer certaines parties). Plusieurs vid\u00e9os\u00a0sont toujours\u00a0en cours &hellip; <\/p>\n<p class=\"link-more\"><a href=\"http:\/\/association-rev.club\/index.php\/expositions\/2011-a-2020\/2015-2\/\" class=\"more-link\">Continuer la lecture<span class=\"screen-reader-text\"> de &laquo;&nbsp;2015&nbsp;&raquo;<\/span><\/a><\/p>\n","protected":false},"author":2,"featured_media":0,"parent":482,"menu_order":2,"comment_status":"open","ping_status":"closed","template":"","meta":{"footnotes":""},"class_list":["post-338","page","type-page","status-publish","hentry"],"_links":{"self":[{"href":"http:\/\/association-rev.club\/index.php\/wp-json\/wp\/v2\/pages\/338","targetHints":{"allow":["GET"]}}],"collection":[{"href":"http:\/\/association-rev.club\/index.php\/wp-json\/wp\/v2\/pages"}],"about":[{"href":"http:\/\/association-rev.club\/index.php\/wp-json\/wp\/v2\/types\/page"}],"author":[{"embeddable":true,"href":"http:\/\/association-rev.club\/index.php\/wp-json\/wp\/v2\/users\/2"}],"replies":[{"embeddable":true,"href":"http:\/\/association-rev.club\/index.php\/wp-json\/wp\/v2\/comments?post=338"}],"version-history":[{"count":1,"href":"http:\/\/association-rev.club\/index.php\/wp-json\/wp\/v2\/pages\/338\/revisions"}],"predecessor-version":[{"id":489,"href":"http:\/\/association-rev.club\/index.php\/wp-json\/wp\/v2\/pages\/338\/revisions\/489"}],"up":[{"embeddable":true,"href":"http:\/\/association-rev.club\/index.php\/wp-json\/wp\/v2\/pages\/482"}],"wp:attachment":[{"href":"http:\/\/association-rev.club\/index.php\/wp-json\/wp\/v2\/media?parent=338"}],"curies":[{"name":"wp","href":"https:\/\/api.w.org\/{rel}","templated":true}]}}