{"id":30,"date":"2014-01-28T17:39:32","date_gmt":"2014-01-28T16:39:32","guid":{"rendered":"http:\/\/www.association-rev.club\/?page_id=30"},"modified":"2014-01-28T17:39:32","modified_gmt":"2014-01-28T16:39:32","slug":"roulage-libre-juin-2012","status":"publish","type":"page","link":"http:\/\/association-rev.club\/index.php\/videos\/roulage-libre-juin-2012\/","title":{"rendered":"Roulage libre (juin 2012)"},"content":{"rendered":"<p>Roulage libre de l&rsquo;association REV en juin 2012.<\/p>\n<p>Deux r\u00e9seaux ont \u00e9t\u00e9 mis en place. Le premier (la bute) en mode analogique classique. Le second (le barage et la gare d\u00e9pot) en digital.<\/p>\n<p>Ambiance amicale avec comme ma\u00eetre mot, le partage d&rsquo;une passion commune.<\/p>\n<p><iframe loading=\"lazy\" width=\"560\" height=\"315\" src=\"\/\/www.youtube.com\/embed\/8ANfON288oQ\" frameborder=\"0\" allowfullscreen><\/iframe><\/p>\n","protected":false},"excerpt":{"rendered":"<p>Roulage libre de l&rsquo;association REV en juin 2012. Deux r\u00e9seaux ont \u00e9t\u00e9 mis en place. Le premier (la bute) en mode analogique classique. Le second (le barage et la gare d\u00e9pot) en digital. Ambiance amicale avec comme ma\u00eetre mot, le partage d&rsquo;une passion commune.<\/p>\n","protected":false},"author":2,"featured_media":0,"parent":51,"menu_order":0,"comment_status":"open","ping_status":"closed","template":"","meta":{"footnotes":""},"class_list":["post-30","page","type-page","status-publish","hentry"],"_links":{"self":[{"href":"http:\/\/association-rev.club\/index.php\/wp-json\/wp\/v2\/pages\/30","targetHints":{"allow":["GET"]}}],"collection":[{"href":"http:\/\/association-rev.club\/index.php\/wp-json\/wp\/v2\/pages"}],"about":[{"href":"http:\/\/association-rev.club\/index.php\/wp-json\/wp\/v2\/types\/page"}],"author":[{"embeddable":true,"href":"http:\/\/association-rev.club\/index.php\/wp-json\/wp\/v2\/users\/2"}],"replies":[{"embeddable":true,"href":"http:\/\/association-rev.club\/index.php\/wp-json\/wp\/v2\/comments?post=30"}],"version-history":[{"count":0,"href":"http:\/\/association-rev.club\/index.php\/wp-json\/wp\/v2\/pages\/30\/revisions"}],"up":[{"embeddable":true,"href":"http:\/\/association-rev.club\/index.php\/wp-json\/wp\/v2\/pages\/51"}],"wp:attachment":[{"href":"http:\/\/association-rev.club\/index.php\/wp-json\/wp\/v2\/media?parent=30"}],"curies":[{"name":"wp","href":"https:\/\/api.w.org\/{rel}","templated":true}]}}