{"id":270,"date":"2014-01-30T16:28:52","date_gmt":"2014-01-30T15:28:52","guid":{"rendered":"http:\/\/www.association-rev.club\/?page_id=270"},"modified":"2014-01-30T16:28:52","modified_gmt":"2014-01-30T15:28:52","slug":"liens","status":"publish","type":"page","link":"http:\/\/association-rev.club\/index.php\/page-d-exemple-2\/liens\/","title":{"rendered":"Liens"},"content":{"rendered":"<p>Voici quelques liens vers les sites web de nos amis.<\/p>\n<p style=\"text-align: center;\"><a title=\"Le Club Ferroviaire de Chantilly\" href=\"http:\/\/cfchantilly.free.fr\/Home\/index.htm\" target=\"_blank\">\u00a0<b>Le Club Ferroviaire de Chantilly<\/b><br \/>\n<img loading=\"lazy\" decoding=\"async\" class=\"aligncenter size-medium wp-image-272\" src=\"http:\/\/www.association-rev.club\/wp-content\/uploads\/2014\/01\/Logo-CFC-300x89.jpg\" alt=\"Logo CFC\" width=\"300\" height=\"89\" \/><\/a><\/p>\n<p>&nbsp;<\/p>\n<p style=\"text-align: center;\"><a title=\"Club Ferroviaire de Creil et Environs\" href=\"http:\/\/claude.andreani.free.fr\/\" target=\"_blank\">\u00a0<b>Club Ferroviaire de Creil et Environs<\/b><br \/>\n<img loading=\"lazy\" decoding=\"async\" class=\"aligncenter size-medium wp-image-271\" src=\"http:\/\/www.association-rev.club\/wp-content\/uploads\/2014\/01\/815-300x208.jpg\" alt=\"815\" width=\"300\" height=\"208\" \/><\/a><\/p>\n<p>&nbsp;<\/p>\n<p style=\"text-align: center;\"><a title=\"F\u00e9d\u00e9ration Fran\u00e7aise de Mod\u00e9lisme Ferroviaire\" href=\"http:\/\/ffmf.railfrance.org\/\" target=\"_blank\">\u00a0<b>FFMF<\/b><br \/>\n<img loading=\"lazy\" decoding=\"async\" class=\"aligncenter size-full wp-image-273\" src=\"http:\/\/www.association-rev.club\/wp-content\/uploads\/2014\/01\/logo4FF150.gif\" alt=\"logo4FF150\" width=\"150\" height=\"89\" \/><\/a><\/p>\n<p>&nbsp;<\/p>\n<p style=\"text-align: center;\"><a title=\"LOCODUINO\" href=\"http:\/\/www.locoduino.org\/\" target=\"_blank\">LOCODUINO<\/a><\/p>\n<p style=\"text-align: center;\"><img decoding=\"async\" src=\"http:\/\/www.locoduino.org\/IMG\/siteon0.png?1402379902\" alt=\"\" \/><\/p>\n","protected":false},"excerpt":{"rendered":"<p>Voici quelques liens vers les sites web de nos amis. \u00a0Le Club Ferroviaire de Chantilly &nbsp; \u00a0Club Ferroviaire de Creil et Environs &nbsp; \u00a0FFMF &nbsp; LOCODUINO<\/p>\n","protected":false},"author":2,"featured_media":0,"parent":6,"menu_order":0,"comment_status":"open","ping_status":"open","template":"","meta":{"footnotes":""},"class_list":["post-270","page","type-page","status-publish","hentry"],"_links":{"self":[{"href":"http:\/\/association-rev.club\/index.php\/wp-json\/wp\/v2\/pages\/270","targetHints":{"allow":["GET"]}}],"collection":[{"href":"http:\/\/association-rev.club\/index.php\/wp-json\/wp\/v2\/pages"}],"about":[{"href":"http:\/\/association-rev.club\/index.php\/wp-json\/wp\/v2\/types\/page"}],"author":[{"embeddable":true,"href":"http:\/\/association-rev.club\/index.php\/wp-json\/wp\/v2\/users\/2"}],"replies":[{"embeddable":true,"href":"http:\/\/association-rev.club\/index.php\/wp-json\/wp\/v2\/comments?post=270"}],"version-history":[{"count":0,"href":"http:\/\/association-rev.club\/index.php\/wp-json\/wp\/v2\/pages\/270\/revisions"}],"up":[{"embeddable":true,"href":"http:\/\/association-rev.club\/index.php\/wp-json\/wp\/v2\/pages\/6"}],"wp:attachment":[{"href":"http:\/\/association-rev.club\/index.php\/wp-json\/wp\/v2\/media?parent=270"}],"curies":[{"name":"wp","href":"https:\/\/api.w.org\/{rel}","templated":true}]}}