{"id":261,"date":"2014-01-30T16:13:20","date_gmt":"2014-01-30T15:13:20","guid":{"rendered":"http:\/\/www.association-rev.club\/?page_id=261"},"modified":"2018-11-05T13:37:11","modified_gmt":"2018-11-05T12:37:11","slug":"2013-2","status":"publish","type":"page","link":"http:\/\/association-rev.club\/index.php\/expositions\/2011-a-2020\/2013-2\/","title":{"rendered":"2013"},"content":{"rendered":"<h1 style=\"text-align: center;\"><span style=\"text-decoration: underline; color: #ff0000;\"><strong>2013<\/strong><\/span><\/h1>\n<p><strong>Animation \u00e0 la Bourse au Jouets anciens \u00e0 Senlis<\/strong> (60) le dimanche 10 f\u00e9vrier 2013.<br \/>\nNous avons sorti un r\u00e9seau tr\u00e8s compact &#8211; Deux retournements, deux modules de passage.<br \/>\nLa nouveaut\u00e9 du moment, c&rsquo;\u00e9tait l&rsquo;utilisation du quart tournant de Anne comme coulisse. La gare de Portland est devenue terminus le temps d&rsquo;un jour!<br \/>\nLa phrase la plus prononc\u00e9e de la journ\u00e9e :<br \/>\n\u00ab\u00a0On peut essayer cette loco sur votre r\u00e9seau ?\u00a0\u00bb<br \/>\nEn tout cas, tout le monde \u00e9tait content&#8230; Bien roul\u00e9; bien vendu; bien achet\u00e9 !<\/p>\n<p>&nbsp;<\/p>\n<p><strong>Creil<\/strong> (60) les 4 et 5 mai 2013.<br \/>\nUn large \u00e9ventail de clubs amis avec des r\u00e9seaux magnifiques.<br \/>\nLa bute \u00e9tait de sortie pour l&rsquo;occasion.<br \/>\n<iframe loading=\"lazy\" src=\"\/\/www.youtube.com\/embed\/7h7fmy94zuw\" height=\"315\" width=\"560\" allowfullscreen=\"\" frameborder=\"0\"><\/iframe><\/p>\n<p>&nbsp;<\/p>\n<p><strong>Cr\u00e9py-en-Valois<\/strong> (60) les 28 et 29 septembre 2013.<br \/>\nMaquettes militaires, de bateaux, de cirque et bien d&rsquo;autres.<br \/>\nUne composition magnifiques de modules &lsquo;Microbidul&rsquo;.<br \/>\nBref, encore du beau monde ou il est aussi plaisant de voir leurs oeuvres que de discuter avec eux.<br \/>\n<iframe loading=\"lazy\" src=\"\/\/www.youtube.com\/embed\/xB2YItTfOrs\" height=\"315\" width=\"560\" allowfullscreen=\"\" frameborder=\"0\"><\/iframe><\/p>\n<p><strong>Nogent-sur-Oise<\/strong> (60) les 26 et 27 octobre 2013.<br \/>\nUne impressionnante f\u00eate foraine au 1:87\u00e8me.<br \/>\nDes blind\u00e9s de la seconde guerre mondiale d&rsquo;une taille titanesque (avec le bruit qui va avec).<br \/>\nDe la m\u00e9canique fonctionnant \u00e0 la vapeur.<br \/>\nDes maquettes qui flottent, volent, roulent ou marchent.<br \/>\n<iframe loading=\"lazy\" src=\"\/\/www.youtube.com\/embed\/xeRI3grxfbA\" height=\"315\" width=\"560\" allowfullscreen=\"\" frameborder=\"0\"><\/iframe><\/p>\n","protected":false},"excerpt":{"rendered":"<p>2013 Animation \u00e0 la Bourse au Jouets anciens \u00e0 Senlis (60) le dimanche 10 f\u00e9vrier 2013. Nous avons sorti un r\u00e9seau tr\u00e8s compact &#8211; Deux retournements, deux modules de passage. La nouveaut\u00e9 du moment, c&rsquo;\u00e9tait l&rsquo;utilisation du quart tournant de Anne comme coulisse. La gare de Portland est devenue terminus le temps d&rsquo;un jour! La &hellip; <\/p>\n<p class=\"link-more\"><a href=\"http:\/\/association-rev.club\/index.php\/expositions\/2011-a-2020\/2013-2\/\" class=\"more-link\">Continuer la lecture<span class=\"screen-reader-text\"> de &laquo;&nbsp;2013&nbsp;&raquo;<\/span><\/a><\/p>\n","protected":false},"author":2,"featured_media":0,"parent":482,"menu_order":2,"comment_status":"open","ping_status":"closed","template":"","meta":{"footnotes":""},"class_list":["post-261","page","type-page","status-publish","hentry"],"_links":{"self":[{"href":"http:\/\/association-rev.club\/index.php\/wp-json\/wp\/v2\/pages\/261","targetHints":{"allow":["GET"]}}],"collection":[{"href":"http:\/\/association-rev.club\/index.php\/wp-json\/wp\/v2\/pages"}],"about":[{"href":"http:\/\/association-rev.club\/index.php\/wp-json\/wp\/v2\/types\/page"}],"author":[{"embeddable":true,"href":"http:\/\/association-rev.club\/index.php\/wp-json\/wp\/v2\/users\/2"}],"replies":[{"embeddable":true,"href":"http:\/\/association-rev.club\/index.php\/wp-json\/wp\/v2\/comments?post=261"}],"version-history":[{"count":1,"href":"http:\/\/association-rev.club\/index.php\/wp-json\/wp\/v2\/pages\/261\/revisions"}],"predecessor-version":[{"id":486,"href":"http:\/\/association-rev.club\/index.php\/wp-json\/wp\/v2\/pages\/261\/revisions\/486"}],"up":[{"embeddable":true,"href":"http:\/\/association-rev.club\/index.php\/wp-json\/wp\/v2\/pages\/482"}],"wp:attachment":[{"href":"http:\/\/association-rev.club\/index.php\/wp-json\/wp\/v2\/media?parent=261"}],"curies":[{"name":"wp","href":"https:\/\/api.w.org\/{rel}","templated":true}]}}