{"id":249,"date":"2014-01-30T15:55:39","date_gmt":"2014-01-30T14:55:39","guid":{"rendered":"http:\/\/www.association-rev.club\/?page_id=249"},"modified":"2018-11-05T13:36:47","modified_gmt":"2018-11-05T12:36:47","slug":"2010-2","status":"publish","type":"page","link":"http:\/\/association-rev.club\/index.php\/expositions\/2003-a-2010\/2010-2\/","title":{"rendered":"2010"},"content":{"rendered":"<h1 style=\"text-align: center;\"><span style=\"text-decoration: underline; color: #ff0000;\"><strong>2010<\/strong><\/span><\/h1>\n<p><strong>Bourse aux jouets de GOUVIEUX<\/strong> (60) le 24 janvier :<br \/>\nContrairement \u00e0 ce qu&rsquo;on pourrait imaginer, nous n&rsquo;\u00e9tions pas l\u00e0 pour vendre ou \u00e9changer nos r\u00e9seaux, mais pour animer la journ\u00e9e.<br \/>\nNous avons \u00e9t\u00e9 \u00e9blouis par les projecteurs&#8230; Et les spectateurs ont \u00e9t\u00e9 \u00e9blouis par nos r\u00e9alisations.<br \/>\nUn grand merci au Lion&rsquo;s Club de Gouvieux, pour nous avoir aussi bien re\u00e7u.<br \/>\n<a href=\"http:\/\/www.association-rev.club\/wp-content\/uploads\/2014\/01\/gouvieux24012010.jpg\"><img loading=\"lazy\" decoding=\"async\" class=\"aligncenter size-medium wp-image-251\" alt=\"gouvieux24012010\" src=\"http:\/\/www.association-rev.club\/wp-content\/uploads\/2014\/01\/gouvieux24012010-300x152.jpg\" width=\"300\" height=\"152\" \/><\/a><\/p>\n<p><strong>Pr\u00e9sentation de notre club \u00e0 Villers Sous Saint Leu<\/strong>\u00a0(60) les 24 et 25 avril :<br \/>\nC&rsquo;est la premi\u00e8re expo. que nous organisions \u00e0 Villers. Elle a eue lieu dans la salle Blaby (dans la salle polyvalente). Nous avons expos\u00e9 le r\u00e9seau de la butte de triage, du mat\u00e9riel \u00e0 l&rsquo;\u00e9chelle 1 (Lionel), 2 pr\u00e9sentoirs avec de nombreux mod\u00e8les (Alain), une d\u00e9monstration de gestion de r\u00e9seau par ordinateur (Nicolas).<br \/>\n<\/p>\n<p><strong>RANTIGNY<\/strong>\u00a0(60) les 09 et 10 octobre :<br \/>\nLes pr\u00e9paratifs furent douloureux, en effet la r\u00e9partition des modules dans les voitures pour l&rsquo;installation nous a provoqu\u00e9e des su\u00e9es.<br \/>\nAu final une petite expo. qui s&rsquo;est bien d\u00e9roul\u00e9 (alimentation en digitale) avec encore une fois (comme en 2008) le prix du public et de la municipalit\u00e9.<br \/>\n<a href=\"http:\/\/www.association-rev.club\/wp-content\/uploads\/2014\/01\/rantigny2010.jpg\"><img loading=\"lazy\" decoding=\"async\" class=\"aligncenter size-medium wp-image-252\" alt=\"\" src=\"http:\/\/www.association-rev.club\/wp-content\/uploads\/2014\/01\/rantigny2010-300x225.jpg\" width=\"300\" height=\"225\" \/><\/a><\/p>\n<p>CLERMONT DE L&rsquo;OISE les 30 et 31 octobre :<br \/>\nD\u00e9cid\u00e9ment, les expositions se suivent&#8230; Et se ressemblent ! Au moins dans la pr\u00e9paration, car apr\u00e8s une nouvelle su\u00e9e \u00e0 entrer et sortir des modules des voitures, nous nous sommes dit : \u00ab\u00a0la prochaine fois, nous r\u00e9fl\u00e9chirons \u00e0 un plan de chargement avant le jour de l&rsquo;expo !\u00a0\u00bb<br \/>\nNous avons d\u00e9couvert \u00e0 Clermont d\u2019autres aspects du mod\u00e9lisme et cr\u00e9\u00e9 des liens avec de nouvelles personnes et clubs.<br \/>\nEt apr\u00e8s une bonne paella le dimanche midi, s\u00e9quence frissons avec une course effr\u00e9n\u00e9e entre un TGV duplex et la rame V150 du record du monde de vitesse\u2026pour le bonheur du jeune public (et du moins jeune) !<br \/>\n<a href=\"http:\/\/www.association-rev.club\/wp-content\/uploads\/2014\/01\/clermontcourseTGV.jpg\"><img loading=\"lazy\" decoding=\"async\" class=\"aligncenter size-medium wp-image-250\" alt=\"\" src=\"http:\/\/www.association-rev.club\/wp-content\/uploads\/2014\/01\/clermontcourseTGV-300x224.jpg\" width=\"300\" height=\"224\" \/><\/a><\/p>\n","protected":false},"excerpt":{"rendered":"<p>2010 Bourse aux jouets de GOUVIEUX (60) le 24 janvier : Contrairement \u00e0 ce qu&rsquo;on pourrait imaginer, nous n&rsquo;\u00e9tions pas l\u00e0 pour vendre ou \u00e9changer nos r\u00e9seaux, mais pour animer la journ\u00e9e. Nous avons \u00e9t\u00e9 \u00e9blouis par les projecteurs&#8230; Et les spectateurs ont \u00e9t\u00e9 \u00e9blouis par nos r\u00e9alisations. Un grand merci au Lion&rsquo;s Club de &hellip; <\/p>\n<p class=\"link-more\"><a href=\"http:\/\/association-rev.club\/index.php\/expositions\/2003-a-2010\/2010-2\/\" class=\"more-link\">Continuer la lecture<span class=\"screen-reader-text\"> de &laquo;&nbsp;2010&nbsp;&raquo;<\/span><\/a><\/p>\n","protected":false},"author":2,"featured_media":0,"parent":473,"menu_order":2,"comment_status":"open","ping_status":"closed","template":"","meta":{"footnotes":""},"class_list":["post-249","page","type-page","status-publish","hentry"],"_links":{"self":[{"href":"http:\/\/association-rev.club\/index.php\/wp-json\/wp\/v2\/pages\/249","targetHints":{"allow":["GET"]}}],"collection":[{"href":"http:\/\/association-rev.club\/index.php\/wp-json\/wp\/v2\/pages"}],"about":[{"href":"http:\/\/association-rev.club\/index.php\/wp-json\/wp\/v2\/types\/page"}],"author":[{"embeddable":true,"href":"http:\/\/association-rev.club\/index.php\/wp-json\/wp\/v2\/users\/2"}],"replies":[{"embeddable":true,"href":"http:\/\/association-rev.club\/index.php\/wp-json\/wp\/v2\/comments?post=249"}],"version-history":[{"count":1,"href":"http:\/\/association-rev.club\/index.php\/wp-json\/wp\/v2\/pages\/249\/revisions"}],"predecessor-version":[{"id":481,"href":"http:\/\/association-rev.club\/index.php\/wp-json\/wp\/v2\/pages\/249\/revisions\/481"}],"up":[{"embeddable":true,"href":"http:\/\/association-rev.club\/index.php\/wp-json\/wp\/v2\/pages\/473"}],"wp:attachment":[{"href":"http:\/\/association-rev.club\/index.php\/wp-json\/wp\/v2\/media?parent=249"}],"curies":[{"name":"wp","href":"https:\/\/api.w.org\/{rel}","templated":true}]}}