{"id":236,"date":"2014-01-30T15:36:46","date_gmt":"2014-01-30T14:36:46","guid":{"rendered":"http:\/\/www.association-rev.club\/?page_id=236"},"modified":"2018-11-05T13:36:18","modified_gmt":"2018-11-05T12:36:18","slug":"2008-2","status":"publish","type":"page","link":"http:\/\/association-rev.club\/index.php\/expositions\/2003-a-2010\/2008-2\/","title":{"rendered":"2008"},"content":{"rendered":"<h1 style=\"text-align: center;\"><span style=\"text-decoration: underline; color: #ff0000;\"><strong>2008<\/strong><\/span><\/h1>\n<p><strong>SENLIS<\/strong> (60) les 11 et 12 octobre 2008<br \/>\nSe fera ? Ne se fera pas ? L&rsquo;incertitude sur cet exposition a dur\u00e9 jusque quelques jours \u00e0 peine de l&rsquo;ouverture des portes. Finalement, le rendez vous \u00e0 bien eu lieu&#8230; Et il y en a qui n&rsquo;ont pas regr\u00e8t\u00e9 leur week end ! David \u00e9tait venu pour rouler, et il a roul\u00e9. Il a appris tous les secrets de fonctionnement du r\u00e9seau en un temps record&#8230; Sacr\u00e9e performance quand on sait qu&rsquo;il y en a qui, au bout de cinq ans, n&rsquo;en sont pas encore l\u00e0 !<\/p>\n<p style=\"text-align: center;\"><a href=\"http:\/\/www.association-rev.club\/wp-content\/uploads\/2014\/01\/Senlis2008.jpg\"><img loading=\"lazy\" decoding=\"async\" class=\"aligncenter size-medium wp-image-239\" alt=\"Senlis2008\" src=\"http:\/\/www.association-rev.club\/wp-content\/uploads\/2014\/01\/Senlis2008-300x204.jpg\" width=\"300\" height=\"204\" \/><\/a><em>Pascal et David en pleine concentration !<\/em><\/p>\n<p><strong>ROUSSELOY<\/strong> (60) les 14 et 15 juin 2008<br \/>\nLe r\u00e9seau exploit\u00e9 ce week end est le plus grand que nous ayons montr\u00e9 \u00e0 ce jour. L\u2019accueil (merci Dominique et Christian) et l\u2019ambiance furent excellents. Cette exposition a \u00e9t\u00e9 l\u2019occasion de nombreux \u00e9changes avec des spectateurs avis\u00e9s, m\u00eame la presse avait fait le d\u00e9placement.<\/p>\n<p style=\"text-align: center;\"><em>Article publi\u00e9 dans L&rsquo;Oise Hebdo du 18 juin 2008<\/em><br \/>\n<a href=\"http:\/\/www.association-rev.club\/wp-content\/uploads\/2014\/01\/img372.jpg\"><img loading=\"lazy\" decoding=\"async\" class=\"aligncenter size-medium wp-image-237\" alt=\"img372\" src=\"http:\/\/www.association-rev.club\/wp-content\/uploads\/2014\/01\/img372-300x288.jpg\" width=\"300\" height=\"288\" \/><\/a><\/p>\n<p><strong>RANTIGNY<\/strong> (60) les 1 et 2 mars 2008<br \/>\nSeconde exp\u00e9rience d&rsquo;exploitation en digital. Nous progressons dans le maniement de la centrale et la circulation des trains a gagn\u00e9 en fluidit\u00e9, certain se sont m\u00eame essay\u00e9 \u00e0 des man\u0153uvres p\u00e9rilleuses qui ont glac\u00e9es le sang des autres. Mais comme le dit l\u2019adage \u00ab tout est bien qui finit bien \u00bb car nous n\u2019avons pas constat\u00e9 de casse mat\u00e9riel et nous sommes m\u00eame revenus de cette exposition couvert de gloire et de lauriers. En effet le club a remport\u00e9 3 prix d\u00e9cern\u00e9s par le public dont le prix du PLUS BEAU STAND.<\/p>\n<p><a href=\"http:\/\/www.association-rev.club\/wp-content\/uploads\/2014\/01\/RANTIGNY.jpg\"><img loading=\"lazy\" decoding=\"async\" class=\"aligncenter size-medium wp-image-238\" alt=\"RANTIGNY\" src=\"http:\/\/www.association-rev.club\/wp-content\/uploads\/2014\/01\/RANTIGNY-300x200.jpg\" width=\"300\" height=\"200\" \/><\/a><\/p>\n","protected":false},"excerpt":{"rendered":"<p>2008 SENLIS (60) les 11 et 12 octobre 2008 Se fera ? Ne se fera pas ? L&rsquo;incertitude sur cet exposition a dur\u00e9 jusque quelques jours \u00e0 peine de l&rsquo;ouverture des portes. Finalement, le rendez vous \u00e0 bien eu lieu&#8230; Et il y en a qui n&rsquo;ont pas regr\u00e8t\u00e9 leur week end ! David \u00e9tait &hellip; <\/p>\n<p class=\"link-more\"><a href=\"http:\/\/association-rev.club\/index.php\/expositions\/2003-a-2010\/2008-2\/\" class=\"more-link\">Continuer la lecture<span class=\"screen-reader-text\"> de &laquo;&nbsp;2008&nbsp;&raquo;<\/span><\/a><\/p>\n","protected":false},"author":2,"featured_media":0,"parent":473,"menu_order":2,"comment_status":"open","ping_status":"closed","template":"","meta":{"footnotes":""},"class_list":["post-236","page","type-page","status-publish","hentry"],"_links":{"self":[{"href":"http:\/\/association-rev.club\/index.php\/wp-json\/wp\/v2\/pages\/236","targetHints":{"allow":["GET"]}}],"collection":[{"href":"http:\/\/association-rev.club\/index.php\/wp-json\/wp\/v2\/pages"}],"about":[{"href":"http:\/\/association-rev.club\/index.php\/wp-json\/wp\/v2\/types\/page"}],"author":[{"embeddable":true,"href":"http:\/\/association-rev.club\/index.php\/wp-json\/wp\/v2\/users\/2"}],"replies":[{"embeddable":true,"href":"http:\/\/association-rev.club\/index.php\/wp-json\/wp\/v2\/comments?post=236"}],"version-history":[{"count":1,"href":"http:\/\/association-rev.club\/index.php\/wp-json\/wp\/v2\/pages\/236\/revisions"}],"predecessor-version":[{"id":479,"href":"http:\/\/association-rev.club\/index.php\/wp-json\/wp\/v2\/pages\/236\/revisions\/479"}],"up":[{"embeddable":true,"href":"http:\/\/association-rev.club\/index.php\/wp-json\/wp\/v2\/pages\/473"}],"wp:attachment":[{"href":"http:\/\/association-rev.club\/index.php\/wp-json\/wp\/v2\/media?parent=236"}],"curies":[{"name":"wp","href":"https:\/\/api.w.org\/{rel}","templated":true}]}}