{"id":231,"date":"2014-01-30T15:29:15","date_gmt":"2014-01-30T14:29:15","guid":{"rendered":"http:\/\/www.association-rev.club\/?page_id=231"},"modified":"2018-11-05T13:36:13","modified_gmt":"2018-11-05T12:36:13","slug":"2007-2","status":"publish","type":"page","link":"http:\/\/association-rev.club\/index.php\/expositions\/2003-a-2010\/2007-2\/","title":{"rendered":"2007"},"content":{"rendered":"<h1 style=\"text-align: center;\"><span style=\"text-decoration: underline; color: #ff0000;\">2007<\/span><\/h1>\n<p><strong>CHANTILL<\/strong>Y (60) les 17 et 18 novembre 2007<br \/>\nUn CORAIL tract\u00e9 par une 67400 \u00ab\u00a0En voyage\u00a0\u00bb qui croise une 32-900 ETAT devant la gare des Courses de Chantilly, c&rsquo;est \u00e7a la magie du mod\u00e9lisme !<\/p>\n<p><a href=\"http:\/\/www.association-rev.club\/wp-content\/uploads\/2014\/01\/Chantilly1718.jpeg\"><img loading=\"lazy\" decoding=\"async\" class=\"aligncenter size-medium wp-image-232\" alt=\"Chantilly1718\" src=\"http:\/\/www.association-rev.club\/wp-content\/uploads\/2014\/01\/Chantilly1718-300x225.jpeg\" width=\"300\" height=\"225\" \/><\/a><\/p>\n<p><strong>CLERMON<\/strong>T (60) les 27 et 28 octobre 2007<br \/>\nNotre premi\u00e8re expo en exploitation en digital et avec une pr\u00e9sentation de plusieurs mat\u00e9riel comment\u00e9e \u00e0 la L\u00e9on Zitrone par Lionel. R\u00e9sultat : Un prix, la troisi\u00e8me place du public. Il faut dire que les cerises ( des cerises en octobre? ) de Pascal nous ont donn\u00e9es un sacr\u00e9 coup de fouet.<\/p>\n<p><strong>CIRES LES MELOS<\/strong> (60) les 16 et 17 juin 2007<br \/>\nPour les 150 ans de la ligne Creil Beauvais, nous \u00e9tions une nouvelle fois raccord\u00e9s aux clubs de Chantilly et de Creil.<br \/>\nPetite expo sympa avec un autre regard sur les chemins de fer et le mod\u00e9lisme ferroviaire.<\/p>\n\n<p><strong>COMPIEGNE<\/strong> (60) les 19 et 20 mai 2007<br \/>\nLe souvenir d&rsquo;un \u00e9norme r\u00e9seau en N en face de nous, et une id\u00e9e \u00e0 creuser pour une prochaine expo :<br \/>\nl&rsquo;organisation d&rsquo;une cavalcade de mat\u00e9riel.<\/p>\n","protected":false},"excerpt":{"rendered":"<p>2007 CHANTILLY (60) les 17 et 18 novembre 2007 Un CORAIL tract\u00e9 par une 67400 \u00ab\u00a0En voyage\u00a0\u00bb qui croise une 32-900 ETAT devant la gare des Courses de Chantilly, c&rsquo;est \u00e7a la magie du mod\u00e9lisme ! CLERMONT (60) les 27 et 28 octobre 2007 Notre premi\u00e8re expo en exploitation en digital et avec une pr\u00e9sentation &hellip; <\/p>\n<p class=\"link-more\"><a href=\"http:\/\/association-rev.club\/index.php\/expositions\/2003-a-2010\/2007-2\/\" class=\"more-link\">Continuer la lecture<span class=\"screen-reader-text\"> de &laquo;&nbsp;2007&nbsp;&raquo;<\/span><\/a><\/p>\n","protected":false},"author":2,"featured_media":0,"parent":473,"menu_order":2,"comment_status":"open","ping_status":"closed","template":"","meta":{"footnotes":""},"class_list":["post-231","page","type-page","status-publish","hentry"],"_links":{"self":[{"href":"http:\/\/association-rev.club\/index.php\/wp-json\/wp\/v2\/pages\/231","targetHints":{"allow":["GET"]}}],"collection":[{"href":"http:\/\/association-rev.club\/index.php\/wp-json\/wp\/v2\/pages"}],"about":[{"href":"http:\/\/association-rev.club\/index.php\/wp-json\/wp\/v2\/types\/page"}],"author":[{"embeddable":true,"href":"http:\/\/association-rev.club\/index.php\/wp-json\/wp\/v2\/users\/2"}],"replies":[{"embeddable":true,"href":"http:\/\/association-rev.club\/index.php\/wp-json\/wp\/v2\/comments?post=231"}],"version-history":[{"count":1,"href":"http:\/\/association-rev.club\/index.php\/wp-json\/wp\/v2\/pages\/231\/revisions"}],"predecessor-version":[{"id":478,"href":"http:\/\/association-rev.club\/index.php\/wp-json\/wp\/v2\/pages\/231\/revisions\/478"}],"up":[{"embeddable":true,"href":"http:\/\/association-rev.club\/index.php\/wp-json\/wp\/v2\/pages\/473"}],"wp:attachment":[{"href":"http:\/\/association-rev.club\/index.php\/wp-json\/wp\/v2\/media?parent=231"}],"curies":[{"name":"wp","href":"https:\/\/api.w.org\/{rel}","templated":true}]}}