{"id":23,"date":"2014-01-28T17:34:59","date_gmt":"2014-01-28T16:34:59","guid":{"rendered":"http:\/\/www.association-rev.club\/?page_id=23"},"modified":"2014-01-28T17:34:59","modified_gmt":"2014-01-28T16:34:59","slug":"exposition-boran-avril-2011","status":"publish","type":"page","link":"http:\/\/association-rev.club\/index.php\/videos\/exposition-boran-avril-2011\/","title":{"rendered":"Exposition BORAN (avril 2011)"},"content":{"rendered":"<p id=\"eow-description\">Vid\u00e9o r\u00e9alis\u00e9e au court de l&rsquo;exposition de BORAN. Seuls les 3 modules de Nicolas + un retournement ont \u00e9t\u00e9 de sortie.<br \/>\nDe tr\u00e9s belles r\u00e9alisations de maquettes de la part des autres exposants.<\/p>\n<p>\u00a0<br \/>\n<iframe loading=\"lazy\" src=\"\/\/www.youtube.com\/embed\/MebhnLG86Xg\" height=\"315\" width=\"560\" allowfullscreen=\"\" frameborder=\"0\"><\/iframe><\/p>\n","protected":false},"excerpt":{"rendered":"<p>Vid\u00e9o r\u00e9alis\u00e9e au court de l&rsquo;exposition de BORAN. Seuls les 3 modules de Nicolas + un retournement ont \u00e9t\u00e9 de sortie. De tr\u00e9s belles r\u00e9alisations de maquettes de la part des autres exposants. \u00a0<\/p>\n","protected":false},"author":2,"featured_media":0,"parent":51,"menu_order":0,"comment_status":"open","ping_status":"closed","template":"","meta":{"footnotes":""},"class_list":["post-23","page","type-page","status-publish","hentry"],"_links":{"self":[{"href":"http:\/\/association-rev.club\/index.php\/wp-json\/wp\/v2\/pages\/23","targetHints":{"allow":["GET"]}}],"collection":[{"href":"http:\/\/association-rev.club\/index.php\/wp-json\/wp\/v2\/pages"}],"about":[{"href":"http:\/\/association-rev.club\/index.php\/wp-json\/wp\/v2\/types\/page"}],"author":[{"embeddable":true,"href":"http:\/\/association-rev.club\/index.php\/wp-json\/wp\/v2\/users\/2"}],"replies":[{"embeddable":true,"href":"http:\/\/association-rev.club\/index.php\/wp-json\/wp\/v2\/comments?post=23"}],"version-history":[{"count":0,"href":"http:\/\/association-rev.club\/index.php\/wp-json\/wp\/v2\/pages\/23\/revisions"}],"up":[{"embeddable":true,"href":"http:\/\/association-rev.club\/index.php\/wp-json\/wp\/v2\/pages\/51"}],"wp:attachment":[{"href":"http:\/\/association-rev.club\/index.php\/wp-json\/wp\/v2\/media?parent=23"}],"curies":[{"name":"wp","href":"https:\/\/api.w.org\/{rel}","templated":true}]}}