{"id":220,"date":"2014-01-29T10:11:47","date_gmt":"2014-01-29T09:11:47","guid":{"rendered":"http:\/\/www.association-rev.club\/?page_id=220"},"modified":"2018-11-05T13:36:08","modified_gmt":"2018-11-05T12:36:08","slug":"2006-2","status":"publish","type":"page","link":"http:\/\/association-rev.club\/index.php\/expositions\/2003-a-2010\/2006-2\/","title":{"rendered":"2006"},"content":{"rendered":"<h1 style=\"text-align: center;\"><span style=\"color: #ff0000; text-decoration: underline;\">2006<\/span><\/h1>\n<p><strong>NOGENT SUR OISE<\/strong> (60) les 18 et 19 novembre 2006<br \/>\nLA grosse expo de l&rsquo;ann\u00e9e.<br \/>\n6 clubs raccord\u00e9s autour de la bif de Longueuil, dont nous.<br \/>\nCe fut la premi\u00e8re sortie officielle de notre butte de triage, et assur\u00e9ment notre entr\u00e9e dans la cour des grands !<\/p>\n\n<p><strong>CREPY EN VALOIS <\/strong>(60) les 11 et 12 novembre 2006<br \/>\nL&rsquo;expo se tenait dans la salle des f\u00eates, en plein centre ville. Un cadre un peu viellot, avec un beau parquet de ch\u00eane pour un week end qui nous a laiss\u00e9 de bons souvenirs, dont la pa\u00eblla du dimanche midi&#8230;<br \/>\n&#8230; et de beaucoup moins bons, avec le crash de l&rsquo;h\u00e9lico.<br \/>\n<a href=\"http:\/\/www.association-rev.club\/wp-content\/uploads\/2014\/01\/Crepy20061.jpg\"><img loading=\"lazy\" decoding=\"async\" class=\"aligncenter size-medium wp-image-221\" src=\"http:\/\/www.association-rev.club\/wp-content\/uploads\/2014\/01\/Crepy20061-300x225.jpg\" alt=\"Crepy2006[1]\" width=\"300\" height=\"225\" \/><\/a><\/p>\n<p><strong>SURVILLIERS<\/strong> (95) les 28 et 29 octobre 2006<br \/>\nPas de r\u00e9seau expos\u00e9 mais une participation assur\u00e9e par Anne et Lionel avec photos, maquettes et une pr\u00e9sentation sur micro.<br \/>\n<a href=\"http:\/\/www.association-rev.club\/wp-content\/uploads\/2014\/01\/Survilliers20061.jpg\"><img loading=\"lazy\" decoding=\"async\" class=\"aligncenter size-medium wp-image-226\" src=\"http:\/\/www.association-rev.club\/wp-content\/uploads\/2014\/01\/Survilliers20061-300x225.jpg\" alt=\"Survilliers2006[1]\" width=\"300\" height=\"225\" \/><\/a><\/p>\n<p><strong>SENLIS<\/strong> (60) les 21 et 22 octobre 2006<br \/>\nNotre premier racordement avec un autre club, Chantilly en l&rsquo;occurrence.<br \/>\n<a href=\"http:\/\/www.association-rev.club\/wp-content\/uploads\/2014\/01\/Senlis20061.jpg\"><img loading=\"lazy\" decoding=\"async\" class=\"aligncenter size-medium wp-image-225\" src=\"http:\/\/www.association-rev.club\/wp-content\/uploads\/2014\/01\/Senlis20061-300x225.jpg\" alt=\"Senlis2006[1]\" width=\"300\" height=\"225\" \/><\/a><\/p>\n","protected":false},"excerpt":{"rendered":"<p>2006 NOGENT SUR OISE (60) les 18 et 19 novembre 2006 LA grosse expo de l&rsquo;ann\u00e9e. 6 clubs raccord\u00e9s autour de la bif de Longueuil, dont nous. Ce fut la premi\u00e8re sortie officielle de notre butte de triage, et assur\u00e9ment notre entr\u00e9e dans la cour des grands ! CREPY EN VALOIS (60) les 11 et &hellip; <\/p>\n<p class=\"link-more\"><a href=\"http:\/\/association-rev.club\/index.php\/expositions\/2003-a-2010\/2006-2\/\" class=\"more-link\">Continuer la lecture<span class=\"screen-reader-text\"> de &laquo;&nbsp;2006&nbsp;&raquo;<\/span><\/a><\/p>\n","protected":false},"author":2,"featured_media":0,"parent":473,"menu_order":2,"comment_status":"open","ping_status":"closed","template":"","meta":{"footnotes":""},"class_list":["post-220","page","type-page","status-publish","hentry"],"_links":{"self":[{"href":"http:\/\/association-rev.club\/index.php\/wp-json\/wp\/v2\/pages\/220","targetHints":{"allow":["GET"]}}],"collection":[{"href":"http:\/\/association-rev.club\/index.php\/wp-json\/wp\/v2\/pages"}],"about":[{"href":"http:\/\/association-rev.club\/index.php\/wp-json\/wp\/v2\/types\/page"}],"author":[{"embeddable":true,"href":"http:\/\/association-rev.club\/index.php\/wp-json\/wp\/v2\/users\/2"}],"replies":[{"embeddable":true,"href":"http:\/\/association-rev.club\/index.php\/wp-json\/wp\/v2\/comments?post=220"}],"version-history":[{"count":1,"href":"http:\/\/association-rev.club\/index.php\/wp-json\/wp\/v2\/pages\/220\/revisions"}],"predecessor-version":[{"id":488,"href":"http:\/\/association-rev.club\/index.php\/wp-json\/wp\/v2\/pages\/220\/revisions\/488"}],"up":[{"embeddable":true,"href":"http:\/\/association-rev.club\/index.php\/wp-json\/wp\/v2\/pages\/473"}],"wp:attachment":[{"href":"http:\/\/association-rev.club\/index.php\/wp-json\/wp\/v2\/media?parent=220"}],"curies":[{"name":"wp","href":"https:\/\/api.w.org\/{rel}","templated":true}]}}