{"id":218,"date":"2014-01-29T10:03:51","date_gmt":"2014-01-29T09:03:51","guid":{"rendered":"http:\/\/www.association-rev.club\/?page_id=218"},"modified":"2018-11-05T13:35:59","modified_gmt":"2018-11-05T12:35:59","slug":"2005-2","status":"publish","type":"page","link":"http:\/\/association-rev.club\/index.php\/expositions\/2003-a-2010\/2005-2\/","title":{"rendered":"2005"},"content":{"rendered":"<h1 style=\"text-align: center;\"><span style=\"color: #ff0000; text-decoration: underline;\">2005<\/span><\/h1>\n<p>Nous avions entendu parler d&rsquo;une exposition \u00e0 Saint Leu d&rsquo;Esserent, une autre \u00e0 Compi\u00e8gne, et peut \u00eatre une autre vers Chauny&#8230;<br \/>\nEn fin de compte, une seule exposition en 2005 !<\/p>\n<p><strong>CHANTILLY<\/strong> (60) les 19 et 20 novembre 2005<br \/>\nEt en plus, nous n&rsquo;avons m\u00eame pas trouv\u00e9 le moyen de faire quelques photos du r\u00e9seau !<\/p>\n","protected":false},"excerpt":{"rendered":"<p>2005 Nous avions entendu parler d&rsquo;une exposition \u00e0 Saint Leu d&rsquo;Esserent, une autre \u00e0 Compi\u00e8gne, et peut \u00eatre une autre vers Chauny&#8230; En fin de compte, une seule exposition en 2005 ! CHANTILLY (60) les 19 et 20 novembre 2005 Et en plus, nous n&rsquo;avons m\u00eame pas trouv\u00e9 le moyen de faire quelques photos du &hellip; <\/p>\n<p class=\"link-more\"><a href=\"http:\/\/association-rev.club\/index.php\/expositions\/2003-a-2010\/2005-2\/\" class=\"more-link\">Continuer la lecture<span class=\"screen-reader-text\"> de &laquo;&nbsp;2005&nbsp;&raquo;<\/span><\/a><\/p>\n","protected":false},"author":2,"featured_media":0,"parent":473,"menu_order":2,"comment_status":"open","ping_status":"closed","template":"","meta":{"footnotes":""},"class_list":["post-218","page","type-page","status-publish","hentry"],"_links":{"self":[{"href":"http:\/\/association-rev.club\/index.php\/wp-json\/wp\/v2\/pages\/218","targetHints":{"allow":["GET"]}}],"collection":[{"href":"http:\/\/association-rev.club\/index.php\/wp-json\/wp\/v2\/pages"}],"about":[{"href":"http:\/\/association-rev.club\/index.php\/wp-json\/wp\/v2\/types\/page"}],"author":[{"embeddable":true,"href":"http:\/\/association-rev.club\/index.php\/wp-json\/wp\/v2\/users\/2"}],"replies":[{"embeddable":true,"href":"http:\/\/association-rev.club\/index.php\/wp-json\/wp\/v2\/comments?post=218"}],"version-history":[{"count":1,"href":"http:\/\/association-rev.club\/index.php\/wp-json\/wp\/v2\/pages\/218\/revisions"}],"predecessor-version":[{"id":477,"href":"http:\/\/association-rev.club\/index.php\/wp-json\/wp\/v2\/pages\/218\/revisions\/477"}],"up":[{"embeddable":true,"href":"http:\/\/association-rev.club\/index.php\/wp-json\/wp\/v2\/pages\/473"}],"wp:attachment":[{"href":"http:\/\/association-rev.club\/index.php\/wp-json\/wp\/v2\/media?parent=218"}],"curies":[{"name":"wp","href":"https:\/\/api.w.org\/{rel}","templated":true}]}}