{"id":206,"date":"2014-01-29T09:39:24","date_gmt":"2014-01-29T08:39:24","guid":{"rendered":"http:\/\/www.association-rev.club\/?page_id=206"},"modified":"2018-11-05T13:35:34","modified_gmt":"2018-11-05T12:35:34","slug":"2003-2","status":"publish","type":"page","link":"http:\/\/association-rev.club\/index.php\/expositions\/2003-a-2010\/2003-2\/","title":{"rendered":"2003"},"content":{"rendered":"<h1 style=\"text-align: center;\"><span style=\"color: #ff0000; text-decoration: underline;\"><strong>02003<\/strong><\/span><\/h1>\n<p><strong>MOUY<\/strong> (60) les 08 et 09 novembre 2003<br \/>\nBonne ambiance pour cette petite expo&#8230; On parle encore des repas du samedi et dimanche midi.<br \/>\n<a href=\"http:\/\/www.association-rev.club\/wp-content\/uploads\/2014\/01\/Mouy1.jpg\"><img loading=\"lazy\" decoding=\"async\" class=\"aligncenter size-medium wp-image-210\" src=\"http:\/\/www.association-rev.club\/wp-content\/uploads\/2014\/01\/Mouy1-300x198.jpg\" alt=\"Mouy[1]\" width=\"300\" height=\"198\" \/><\/a><\/p>\n<p><strong>CHANTILLY<\/strong> (60) les 15 et 16 mars 2003<br \/>\nNotre premi\u00e8re expo, nos premiers souvenirs, nos premi\u00e8res photos..<br \/>\nLes premi\u00e8res regards inquiets de Lionel (il y en aura d&rsquo;autres&#8230;)<br \/>\nUn bon week end et une envie folle de recommencer.<br \/>\n<a href=\"http:\/\/www.association-rev.club\/wp-content\/uploads\/2014\/01\/Chantilly1.jpg\"><img loading=\"lazy\" decoding=\"async\" class=\"aligncenter size-medium wp-image-209\" src=\"http:\/\/www.association-rev.club\/wp-content\/uploads\/2014\/01\/Chantilly1-300x209.jpg\" alt=\"Chantilly[1]\" width=\"300\" height=\"209\" \/><\/a><\/p>\n","protected":false},"excerpt":{"rendered":"<p>02003 MOUY (60) les 08 et 09 novembre 2003 Bonne ambiance pour cette petite expo&#8230; On parle encore des repas du samedi et dimanche midi. CHANTILLY (60) les 15 et 16 mars 2003 Notre premi\u00e8re expo, nos premiers souvenirs, nos premi\u00e8res photos.. Les premi\u00e8res regards inquiets de Lionel (il y en aura d&rsquo;autres&#8230;) Un bon &hellip; <\/p>\n<p class=\"link-more\"><a href=\"http:\/\/association-rev.club\/index.php\/expositions\/2003-a-2010\/2003-2\/\" class=\"more-link\">Continuer la lecture<span class=\"screen-reader-text\"> de &laquo;&nbsp;2003&nbsp;&raquo;<\/span><\/a><\/p>\n","protected":false},"author":2,"featured_media":0,"parent":473,"menu_order":2,"comment_status":"open","ping_status":"open","template":"","meta":{"footnotes":""},"class_list":["post-206","page","type-page","status-publish","hentry"],"_links":{"self":[{"href":"http:\/\/association-rev.club\/index.php\/wp-json\/wp\/v2\/pages\/206","targetHints":{"allow":["GET"]}}],"collection":[{"href":"http:\/\/association-rev.club\/index.php\/wp-json\/wp\/v2\/pages"}],"about":[{"href":"http:\/\/association-rev.club\/index.php\/wp-json\/wp\/v2\/types\/page"}],"author":[{"embeddable":true,"href":"http:\/\/association-rev.club\/index.php\/wp-json\/wp\/v2\/users\/2"}],"replies":[{"embeddable":true,"href":"http:\/\/association-rev.club\/index.php\/wp-json\/wp\/v2\/comments?post=206"}],"version-history":[{"count":2,"href":"http:\/\/association-rev.club\/index.php\/wp-json\/wp\/v2\/pages\/206\/revisions"}],"predecessor-version":[{"id":494,"href":"http:\/\/association-rev.club\/index.php\/wp-json\/wp\/v2\/pages\/206\/revisions\/494"}],"up":[{"embeddable":true,"href":"http:\/\/association-rev.club\/index.php\/wp-json\/wp\/v2\/pages\/473"}],"wp:attachment":[{"href":"http:\/\/association-rev.club\/index.php\/wp-json\/wp\/v2\/media?parent=206"}],"curies":[{"name":"wp","href":"https:\/\/api.w.org\/{rel}","templated":true}]}}