{"id":193,"date":"2014-01-29T00:08:27","date_gmt":"2014-01-28T23:08:27","guid":{"rendered":"http:\/\/www.association-rev.club\/?page_id=193"},"modified":"2023-07-09T18:19:51","modified_gmt":"2023-07-09T16:19:51","slug":"francis","status":"publish","type":"page","link":"http:\/\/association-rev.club\/index.php\/realisations\/francis\/","title":{"rendered":"Francis"},"content":{"rendered":"<p style=\"text-align: center;\"><strong>Le r\u00e9seau de Francis.<\/strong><\/p>\n<p>L&rsquo;impression 3D pour combler certaines absences de fabrication.<br \/>\nFan du r\u00e9seau Nord et principalement tout ce qui a pu fr\u00e9quenter la Gare du Nord, un fourgon embl\u00e9matique de cette r\u00e9gion est sans nul doute le duo Dd2 et Ed2.<\/p>\n<p>Le train mythique du Night Ferry en \u00e9tait un grand utilisateur, entre autre.<br \/>\nA l&rsquo;aide d&rsquo;images d&rsquo;archives et de plans, un mod\u00e8le 3D, via l&rsquo;outil Blender, fut construit :<\/p>\n<p><img loading=\"lazy\" decoding=\"async\" class=\"alignnone size-medium wp-image-559\" src=\"http:\/\/association-rev.club\/wp-content\/uploads\/2023\/07\/Fourgon-Dd2_B_0-300x169.png\" alt=\"\" width=\"300\" height=\"169\" srcset=\"http:\/\/association-rev.club\/wp-content\/uploads\/2023\/07\/Fourgon-Dd2_B_0-300x169.png 300w, http:\/\/association-rev.club\/wp-content\/uploads\/2023\/07\/Fourgon-Dd2_B_0-1024x576.png 1024w, http:\/\/association-rev.club\/wp-content\/uploads\/2023\/07\/Fourgon-Dd2_B_0-768x432.png 768w, http:\/\/association-rev.club\/wp-content\/uploads\/2023\/07\/Fourgon-Dd2_B_0-1536x864.png 1536w, http:\/\/association-rev.club\/wp-content\/uploads\/2023\/07\/Fourgon-Dd2_B_0.png 1920w\" sizes=\"auto, (max-width: 300px) 100vw, 300px\" \/><img loading=\"lazy\" decoding=\"async\" class=\"alignnone size-medium wp-image-558\" src=\"http:\/\/association-rev.club\/wp-content\/uploads\/2023\/07\/Fourgon-Dd2_A_0-300x169.png\" alt=\"\" width=\"300\" height=\"169\" srcset=\"http:\/\/association-rev.club\/wp-content\/uploads\/2023\/07\/Fourgon-Dd2_A_0-300x169.png 300w, http:\/\/association-rev.club\/wp-content\/uploads\/2023\/07\/Fourgon-Dd2_A_0-1024x576.png 1024w, http:\/\/association-rev.club\/wp-content\/uploads\/2023\/07\/Fourgon-Dd2_A_0-768x432.png 768w, http:\/\/association-rev.club\/wp-content\/uploads\/2023\/07\/Fourgon-Dd2_A_0-1536x864.png 1536w, http:\/\/association-rev.club\/wp-content\/uploads\/2023\/07\/Fourgon-Dd2_A_0.png 1920w\" sizes=\"auto, (max-width: 300px) 100vw, 300px\" \/><\/p>\n<p>Plusieurs prototypes furent imprim\u00e9s afin de corriger, renforcer et am\u00e9liorer certains aspects. Au final, un mod\u00e8le satisfaisant fut enfin valid\u00e9 :<\/p>\n<p><img loading=\"lazy\" decoding=\"async\" class=\"alignnone size-medium wp-image-560\" src=\"http:\/\/association-rev.club\/wp-content\/uploads\/2023\/07\/IMG_20230519B_Dd2-300x121.jpg\" alt=\"\" width=\"300\" height=\"121\" srcset=\"http:\/\/association-rev.club\/wp-content\/uploads\/2023\/07\/IMG_20230519B_Dd2-300x121.jpg 300w, http:\/\/association-rev.club\/wp-content\/uploads\/2023\/07\/IMG_20230519B_Dd2-1024x413.jpg 1024w, http:\/\/association-rev.club\/wp-content\/uploads\/2023\/07\/IMG_20230519B_Dd2-768x310.jpg 768w, http:\/\/association-rev.club\/wp-content\/uploads\/2023\/07\/IMG_20230519B_Dd2-1536x619.jpg 1536w, http:\/\/association-rev.club\/wp-content\/uploads\/2023\/07\/IMG_20230519B_Dd2-2048x826.jpg 2048w\" sizes=\"auto, (max-width: 300px) 100vw, 300px\" \/><\/p>\n<p>Voici le lien vers une petite vid\u00e9o des tests de roulage sur le r\u00e9seau du club, la bute de triage :<\/p>\n<p><iframe loading=\"lazy\" title=\"REV - Impression 3D Fourgon Nord\" width=\"525\" height=\"295\" src=\"https:\/\/www.youtube.com\/embed\/wGi4mL3L2mo?feature=oembed\" frameborder=\"0\" allow=\"accelerometer; autoplay; clipboard-write; encrypted-media; gyroscope; picture-in-picture; web-share\" referrerpolicy=\"strict-origin-when-cross-origin\" allowfullscreen><\/iframe><\/p>\n","protected":false},"excerpt":{"rendered":"<p>Le r\u00e9seau de Francis. L&rsquo;impression 3D pour combler certaines absences de fabrication. Fan du r\u00e9seau Nord et principalement tout ce qui a pu fr\u00e9quenter la Gare du Nord, un fourgon embl\u00e9matique de cette r\u00e9gion est sans nul doute le duo Dd2 et Ed2. Le train mythique du Night Ferry en \u00e9tait un grand utilisateur, entre &hellip; <\/p>\n<p class=\"link-more\"><a href=\"http:\/\/association-rev.club\/index.php\/realisations\/francis\/\" class=\"more-link\">Continuer la lecture<span class=\"screen-reader-text\"> de &laquo;&nbsp;Francis&nbsp;&raquo;<\/span><\/a><\/p>\n","protected":false},"author":2,"featured_media":0,"parent":70,"menu_order":0,"comment_status":"open","ping_status":"open","template":"","meta":{"footnotes":""},"class_list":["post-193","page","type-page","status-publish","hentry"],"_links":{"self":[{"href":"http:\/\/association-rev.club\/index.php\/wp-json\/wp\/v2\/pages\/193","targetHints":{"allow":["GET"]}}],"collection":[{"href":"http:\/\/association-rev.club\/index.php\/wp-json\/wp\/v2\/pages"}],"about":[{"href":"http:\/\/association-rev.club\/index.php\/wp-json\/wp\/v2\/types\/page"}],"author":[{"embeddable":true,"href":"http:\/\/association-rev.club\/index.php\/wp-json\/wp\/v2\/users\/2"}],"replies":[{"embeddable":true,"href":"http:\/\/association-rev.club\/index.php\/wp-json\/wp\/v2\/comments?post=193"}],"version-history":[{"count":8,"href":"http:\/\/association-rev.club\/index.php\/wp-json\/wp\/v2\/pages\/193\/revisions"}],"predecessor-version":[{"id":562,"href":"http:\/\/association-rev.club\/index.php\/wp-json\/wp\/v2\/pages\/193\/revisions\/562"}],"up":[{"embeddable":true,"href":"http:\/\/association-rev.club\/index.php\/wp-json\/wp\/v2\/pages\/70"}],"wp:attachment":[{"href":"http:\/\/association-rev.club\/index.php\/wp-json\/wp\/v2\/media?parent=193"}],"curies":[{"name":"wp","href":"https:\/\/api.w.org\/{rel}","templated":true}]}}