{"id":176,"date":"2014-01-28T23:53:44","date_gmt":"2014-01-28T22:53:44","guid":{"rendered":"http:\/\/www.association-rev.club\/?page_id=176"},"modified":"2014-01-28T23:53:44","modified_gmt":"2014-01-28T22:53:44","slug":"anne","status":"publish","type":"page","link":"http:\/\/association-rev.club\/index.php\/realisations\/anne\/","title":{"rendered":"Anne"},"content":{"rendered":"<p style=\"text-align: center;\"><strong>Le r\u00e9seau d&rsquo;Anne.<\/strong><\/p>\n<p>Nous sommes \u00e0 Portland, une toute petite ville \u00e0 l\u2019extr\u00eame Nord Est des Etats Unis.<\/p>\n<p>La fronti\u00e8re Canadienne n&rsquo;est qu&rsquo;\u00e0 quelques kilom\u00e8tres et ici, la couleur rouge est partout dans le paysage.<\/p>\n<p>L&rsquo;autoroute qui passe au dessus de la bifurcation ferroviaire rejoint directement au sud New Haven, Boston et New York. Ceci explique l&rsquo;important trafic de camions descendant directement du Grand Nord, tout comme le passage d&rsquo;une SD 40 ALASKA RR en route vers son r\u00e9seau d&rsquo;origine.<\/p>\n\n","protected":false},"excerpt":{"rendered":"<p>Le r\u00e9seau d&rsquo;Anne. Nous sommes \u00e0 Portland, une toute petite ville \u00e0 l\u2019extr\u00eame Nord Est des Etats Unis. La fronti\u00e8re Canadienne n&rsquo;est qu&rsquo;\u00e0 quelques kilom\u00e8tres et ici, la couleur rouge est partout dans le paysage. L&rsquo;autoroute qui passe au dessus de la bifurcation ferroviaire rejoint directement au sud New Haven, Boston et New York. Ceci &hellip; <\/p>\n<p class=\"link-more\"><a href=\"http:\/\/association-rev.club\/index.php\/realisations\/anne\/\" class=\"more-link\">Continuer la lecture<span class=\"screen-reader-text\"> de &laquo;&nbsp;Anne&nbsp;&raquo;<\/span><\/a><\/p>\n","protected":false},"author":2,"featured_media":0,"parent":70,"menu_order":0,"comment_status":"open","ping_status":"open","template":"","meta":{"footnotes":""},"class_list":["post-176","page","type-page","status-publish","hentry"],"_links":{"self":[{"href":"http:\/\/association-rev.club\/index.php\/wp-json\/wp\/v2\/pages\/176","targetHints":{"allow":["GET"]}}],"collection":[{"href":"http:\/\/association-rev.club\/index.php\/wp-json\/wp\/v2\/pages"}],"about":[{"href":"http:\/\/association-rev.club\/index.php\/wp-json\/wp\/v2\/types\/page"}],"author":[{"embeddable":true,"href":"http:\/\/association-rev.club\/index.php\/wp-json\/wp\/v2\/users\/2"}],"replies":[{"embeddable":true,"href":"http:\/\/association-rev.club\/index.php\/wp-json\/wp\/v2\/comments?post=176"}],"version-history":[{"count":0,"href":"http:\/\/association-rev.club\/index.php\/wp-json\/wp\/v2\/pages\/176\/revisions"}],"up":[{"embeddable":true,"href":"http:\/\/association-rev.club\/index.php\/wp-json\/wp\/v2\/pages\/70"}],"wp:attachment":[{"href":"http:\/\/association-rev.club\/index.php\/wp-json\/wp\/v2\/media?parent=176"}],"curies":[{"name":"wp","href":"https:\/\/api.w.org\/{rel}","templated":true}]}}