{"id":146,"date":"2014-01-28T23:25:25","date_gmt":"2014-01-28T22:25:25","guid":{"rendered":"http:\/\/www.association-rev.club\/?page_id=146"},"modified":"2014-01-28T23:25:25","modified_gmt":"2014-01-28T22:25:25","slug":"lionel","status":"publish","type":"page","link":"http:\/\/association-rev.club\/index.php\/realisations\/lionel\/","title":{"rendered":"Lionel"},"content":{"rendered":"<p style=\"text-align: center;\"><strong>Le r\u00e9seau de Lionel<\/strong><\/p>\n<p>Nous sommes \u00e0 Bernay, dans l&rsquo;Eure, en 1935.<\/p>\n<p>Ceci permet de faire rouler le mat\u00e9riel de l&rsquo;Etat, dans ses versions les plus \u00e9labor\u00e9es. C&rsquo;est une \u00e9poque charni\u00e8re pour les Chemins de Fer en France. Il coure d\u00e9j\u00e0 certaines rumeurs d&rsquo;une possible nationalisation des diff\u00e9rentes compagnies.<\/p>\n<p>De plus, la signalisation est en train d&rsquo;\u00eatre totalement boulevers\u00e9e. La lumi\u00e8re blanche, utilis\u00e9e jusqu&rsquo;alors pour la voie libre, est jug\u00e9e insuffisamment s\u00e9curitaire car elle peut \u00eatre confondue avec une lumi\u00e8re au bord des voies. On d\u00e9cide donc de la remplacer par le vert, mais le vert est d\u00e9j\u00e0 utilis\u00e9 pour l&rsquo;avertissement&#8230; Et tous les signaux doivent donc \u00eatre modifi\u00e9s&#8230; Les habitudes des m\u00e9caniciens aussi.<\/p>\n\n","protected":false},"excerpt":{"rendered":"<p>Le r\u00e9seau de Lionel Nous sommes \u00e0 Bernay, dans l&rsquo;Eure, en 1935. Ceci permet de faire rouler le mat\u00e9riel de l&rsquo;Etat, dans ses versions les plus \u00e9labor\u00e9es. C&rsquo;est une \u00e9poque charni\u00e8re pour les Chemins de Fer en France. Il coure d\u00e9j\u00e0 certaines rumeurs d&rsquo;une possible nationalisation des diff\u00e9rentes compagnies. De plus, la signalisation est en &hellip; <\/p>\n<p class=\"link-more\"><a href=\"http:\/\/association-rev.club\/index.php\/realisations\/lionel\/\" class=\"more-link\">Continuer la lecture<span class=\"screen-reader-text\"> de &laquo;&nbsp;Lionel&nbsp;&raquo;<\/span><\/a><\/p>\n","protected":false},"author":2,"featured_media":0,"parent":70,"menu_order":0,"comment_status":"open","ping_status":"open","template":"","meta":{"footnotes":""},"class_list":["post-146","page","type-page","status-publish","hentry"],"_links":{"self":[{"href":"http:\/\/association-rev.club\/index.php\/wp-json\/wp\/v2\/pages\/146","targetHints":{"allow":["GET"]}}],"collection":[{"href":"http:\/\/association-rev.club\/index.php\/wp-json\/wp\/v2\/pages"}],"about":[{"href":"http:\/\/association-rev.club\/index.php\/wp-json\/wp\/v2\/types\/page"}],"author":[{"embeddable":true,"href":"http:\/\/association-rev.club\/index.php\/wp-json\/wp\/v2\/users\/2"}],"replies":[{"embeddable":true,"href":"http:\/\/association-rev.club\/index.php\/wp-json\/wp\/v2\/comments?post=146"}],"version-history":[{"count":0,"href":"http:\/\/association-rev.club\/index.php\/wp-json\/wp\/v2\/pages\/146\/revisions"}],"up":[{"embeddable":true,"href":"http:\/\/association-rev.club\/index.php\/wp-json\/wp\/v2\/pages\/70"}],"wp:attachment":[{"href":"http:\/\/association-rev.club\/index.php\/wp-json\/wp\/v2\/media?parent=146"}],"curies":[{"name":"wp","href":"https:\/\/api.w.org\/{rel}","templated":true}]}}